{"id":77,"date":"2026-02-10T11:49:38","date_gmt":"2026-02-10T10:49:38","guid":{"rendered":"http:\/\/localhost\/wordpress\/?page_id=77"},"modified":"2026-02-22T19:26:29","modified_gmt":"2026-02-22T18:26:29","slug":"ueber-uns","status":"publish","type":"page","link":"https:\/\/www.eisstrahler.at\/index.php\/ueber-uns\/","title":{"rendered":"\u00dcber uns"},"content":{"rendered":"\t\t<div data-elementor-type=\"wp-page\" data-elementor-id=\"77\" class=\"elementor elementor-77\">\n\t\t\t\t<div class=\"elementor-element elementor-element-41e4def e-flex e-con-boxed e-con e-parent\" data-id=\"41e4def\" data-element_type=\"container\" data-e-type=\"container\" data-settings=\"{&quot;background_background&quot;:&quot;classic&quot;}\">\n\t\t\t\t\t<div class=\"e-con-inner\">\n\t\t\t\t<div class=\"elementor-element elementor-element-834e05c elementor-widget elementor-widget-heading\" data-id=\"834e05c\" data-element_type=\"widget\" data-e-type=\"widget\" data-widget_type=\"heading.default\">\n\t\t\t\t\t<h2 class=\"elementor-heading-title elementor-size-default\">Expertise f\u00fcr jede Oberfl\u00e4che\n<\/h2>\t\t\t\t<\/div>\n\t\t\t\t\t<\/div>\n\t\t\t\t<\/div>\n\t\t<div class=\"elementor-element elementor-element-b5ce7e5 e-flex e-con-boxed e-con e-parent\" data-id=\"b5ce7e5\" data-element_type=\"container\" data-e-type=\"container\" data-settings=\"{&quot;background_background&quot;:&quot;classic&quot;}\">\n\t\t\t\t\t<div class=\"e-con-inner\">\n\t\t\t\t<div class=\"elementor-element elementor-element-0133498 elementor-widget elementor-widget-text-editor\" data-id=\"0133498\" data-element_type=\"widget\" data-e-type=\"widget\" data-widget_type=\"text-editor.default\">\n\t\t\t\t\t\t\t\t\t<h4 class=\"ng-star-inserted\"><span class=\"ng-star-inserted\">Oberfl\u00e4chenre<\/span><span class=\"ng-star-inserted\">inigung<\/span><strong class=\"ng-star-inserted\"><span class=\"ng-star-inserted\"> ist keine Standardaufgabe \u2013 sie ist eine Entscheidung f\u00fcr Werterhalt und Pr\u00e4zision.<\/span><\/strong><\/h4><p class=\"ng-star-inserted\"><span class=\"ng-star-inserted\">Herzlich willkommen bei\u00a0<\/span><strong class=\"ng-star-inserted\"><span class=\"ng-star-inserted\">Eisstrahler.at<\/span><\/strong><span class=\"ng-star-inserted\">. Wir sind Ihr spezialisierter Partner, wenn es darum geht, Oberfl\u00e4chen nicht nur zu reinigen, sondern sie professionell f\u00fcr die Zukunft vorzubereiten.<\/span><\/p><h4><span class=\"ng-star-inserted\">Unsere Philosophie: Das richtige Verfahren f\u00fcr Ihr Material<\/span><\/h4><p><span class=\"ng-star-inserted\">In der Welt der Oberfl\u00e4chentechnik gibt es keine &#8222;Einheitsl\u00f6sung&#8220;. Jedes Material \u2013 ob spr\u00f6des Gusseisen, empfindliches Aluminium, historisches Holz oder moderne Industrieelektronik \u2013 stellt eigene Anforderungen.<\/span><\/p><p class=\"ng-star-inserted\"><strong><span class=\"ng-star-inserted\">Unser Ansatz ist einfach:\u00a0<\/span><\/strong><\/p><h4 class=\"ng-star-inserted\"><span class=\"ng-star-inserted\">Wir passen das Verfahren an das Werkst\u00fcck an, nicht umgekehrt.<\/span><\/h4><p class=\"ng-star-inserted\"><span class=\"ng-star-inserted\">Durch die Kombination aus jahrelanger Erfahrung und modernstem Equipment bieten wir Ihnen ein Spektrum, das in dieser Tiefe einzigartig ist:<\/span><\/p><ul class=\"ng-star-inserted\"><li class=\"ng-star-inserted\"><p class=\"ng-star-inserted\"><strong class=\"ng-star-inserted\"><span class=\"ng-star-inserted\">Trockeneisstrahlen:<\/span><\/strong><span class=\"ng-star-inserted\">\u00a0F\u00fcr die r\u00fcckstandslose, chemiefreie Reinigung sensibler Bereiche.<\/span><\/p><\/li><li class=\"ng-star-inserted\"><p class=\"ng-star-inserted\"><strong class=\"ng-star-inserted\"><span class=\"ng-star-inserted\">Sand- &amp; Granulatstrahlen:<\/span><\/strong><span class=\"ng-star-inserted\">\u00a0Die kraftvolle L\u00f6sung f\u00fcr porentiefe Entrostung und perfekte Lackvorbereitung.<\/span><\/p><\/li><li class=\"ng-star-inserted\"><p class=\"ng-star-inserted\"><strong class=\"ng-star-inserted\"><span class=\"ng-star-inserted\">Liquid Blast (Nassstrahlen):<\/span><\/strong><span class=\"ng-star-inserted\">\u00a0Unsere Leidenschaft f\u00fcr das perfekte, seidenmatte Oberfl\u00e4chen-Finish \u2013 staubarm und extrem materialschonend.<\/span><\/p><\/li><\/ul>\t\t\t\t\t\t\t\t<\/div>\n\t\t\t\t\t<\/div>\n\t\t\t\t<\/div>\n\t\t<div class=\"elementor-element elementor-element-2a0d8f6 e-flex e-con-boxed e-con e-parent\" data-id=\"2a0d8f6\" data-element_type=\"container\" data-e-type=\"container\" data-settings=\"{&quot;background_background&quot;:&quot;classic&quot;}\">\n\t\t\t\t\t<div class=\"e-con-inner\">\n\t\t<div class=\"elementor-element elementor-element-6c316b3 e-con-full e-flex e-con e-child\" data-id=\"6c316b3\" data-element_type=\"container\" data-e-type=\"container\" data-settings=\"{&quot;background_background&quot;:&quot;classic&quot;}\">\n\t\t\t\t<\/div>\n\t\t<div class=\"elementor-element elementor-element-30489f8 e-con-full e-flex e-con e-child\" data-id=\"30489f8\" data-element_type=\"container\" data-e-type=\"container\">\n\t\t\t\t<div class=\"elementor-element elementor-element-e466822 elementor-widget elementor-widget-heading\" data-id=\"e466822\" data-element_type=\"widget\" data-e-type=\"widget\" data-widget_type=\"heading.default\">\n\t\t\t\t\t<h4 class=\"elementor-heading-title elementor-size-default\">Unsere Werte - \"Das Eisstrahler Versprechen\"<\/h4>\t\t\t\t<\/div>\n\t\t\t\t<\/div>\n\t\t\t\t\t<\/div>\n\t\t\t\t<\/div>\n\t\t<div class=\"elementor-element elementor-element-d28793d e-flex e-con-boxed e-con e-parent\" data-id=\"d28793d\" data-element_type=\"container\" data-e-type=\"container\" data-settings=\"{&quot;background_background&quot;:&quot;classic&quot;}\">\n\t\t\t\t\t<div class=\"e-con-inner\">\n\t\t<div class=\"elementor-element elementor-element-e6e45e4 e-con-full e-flex e-con e-child\" data-id=\"e6e45e4\" data-element_type=\"container\" data-e-type=\"container\">\n\t\t\t\t<div class=\"elementor-element elementor-element-3d20265 elementor-widget__width-initial elementor-widget elementor-widget-image\" data-id=\"3d20265\" data-element_type=\"widget\" data-e-type=\"widget\" data-widget_type=\"image.default\">\n\t\t\t\t\t\t\t\t\t\t\t\t\t\t\t<img fetchpriority=\"high\" decoding=\"async\" width=\"768\" height=\"1024\" src=\"https:\/\/www.eisstrahler.at\/wp-content\/uploads\/2026\/02\/IMG_20200408_121017.jpg\" class=\"attachment-large size-large wp-image-1319\" alt=\"\" \/>\t\t\t\t\t\t\t\t\t\t\t\t\t\t\t<\/div>\n\t\t\t\t<\/div>\n\t\t<div class=\"elementor-element elementor-element-15bb218 e-con-full e-flex e-con e-child\" data-id=\"15bb218\" data-element_type=\"container\" data-e-type=\"container\">\n\t\t\t\t<div class=\"elementor-element elementor-element-4a706ce elementor-widget elementor-widget-text-editor\" data-id=\"4a706ce\" data-element_type=\"widget\" data-e-type=\"widget\" data-widget_type=\"text-editor.default\">\n\t\t\t\t\t\t\t\t\t<ul><li><strong class=\"ng-star-inserted\"><span class=\"ng-star-inserted\">Substanz vor Abtrag: <\/span><\/strong><span class=\"ng-star-inserted\">Reinigung bedeutet f\u00fcr uns Werterhalt. Wir w\u00e4hlen das Verfahren so, dass der Schmutz verschwindet, aber die wertvolle Substanz Ihres Materials unber\u00fchrt bleibt. Wir nehmen uns die Zeit f\u00fcr die perfekte Abstimmung von Druck und Strahlmittel.<\/span><\/li><li><strong class=\"ng-star-inserted\"><span class=\"ng-star-inserted\">Mobil &amp; Einsatzbereit: <\/span><\/strong><span class=\"ng-star-inserted\">Stillstand ist teuer. Deshalb kommen wir mit unserer mobilen Strahltechnik direkt zu Ihnen \u2013 ob auf die Baustelle, in die Werkstatt oder zum Industriebetrieb. Wir sind flexibel und technisch autark ausger\u00fcstet.<\/span><\/li><li><strong class=\"ng-star-inserted\"><span class=\"ng-star-inserted\">Verantwortung &amp; Sauberkeit: <\/span><\/strong><span class=\"ng-star-inserted\">Wir beweisen, dass kraftvolle Reinigung auch umweltbewusst funktioniert. Vom r\u00fcckstandslosen Trockeneisstrahlen bis zum staubarmen Liquid Blast setzen wir auf Verfahren, die Mensch und Umwelt so wenig wie m\u00f6glich belasten.<\/span><\/li><\/ul>\t\t\t\t\t\t\t\t<\/div>\n\t\t\t\t<\/div>\n\t\t\t\t\t<\/div>\n\t\t\t\t<\/div>\n\t\t<div class=\"elementor-element elementor-element-191e633 e-flex e-con-boxed e-con e-parent\" data-id=\"191e633\" data-element_type=\"container\" data-e-type=\"container\" data-settings=\"{&quot;background_background&quot;:&quot;classic&quot;}\">\n\t\t\t\t\t<div class=\"e-con-inner\">\n\t\t\t\t<div class=\"elementor-element elementor-element-d1d814c elementor-widget elementor-widget-text-editor\" data-id=\"d1d814c\" data-element_type=\"widget\" data-e-type=\"widget\" data-widget_type=\"text-editor.default\">\n\t\t\t\t\t\t\t\t\t<p><span class=\"ng-star-inserted\">\u201eIch habe die Firma <\/span><strong class=\"ng-star-inserted\"><span class=\"ng-star-inserted\">Eisstrahler<\/span><\/strong><span class=\"ng-star-inserted\">\u00a0 aufgebaut, weil mich die Vielseitigkeit mechanischer und thermischer Verfahren begeistert. Wo hartn\u00e4ckiger Rost, jahrzehntealte Lackschichten oder verkrustete Fettr\u00fcckst\u00e4nde andere an ihre Grenzen bringen, setzen wir die gezielte Kraft von Eis, Wasser, Granulat und Licht ein&#8220;. &#8211; Inh. Christian Moser<\/span><\/p>\t\t\t\t\t\t\t\t<\/div>\n\t\t\t\t\t<\/div>\n\t\t\t\t<\/div>\n\t\t<div class=\"elementor-element elementor-element-d0a7c25 e-flex e-con-boxed e-con e-parent\" data-id=\"d0a7c25\" data-element_type=\"container\" data-e-type=\"container\" data-settings=\"{&quot;background_background&quot;:&quot;classic&quot;,&quot;shape_divider_bottom&quot;:&quot;split&quot;}\">\n\t\t\t\t\t<div class=\"e-con-inner\">\n\t\t\t\t<div class=\"elementor-shape elementor-shape-bottom\" aria-hidden=\"true\" data-negative=\"false\">\n\t\t\t<svg xmlns=\"http:\/\/www.w3.org\/2000\/svg\" viewBox=\"0 0 1000 20\" preserveAspectRatio=\"none\">\n\t<path class=\"elementor-shape-fill\" d=\"M0,0v3c0,0,393.8,0,483.4,0c9.2,0,16.6,7.4,16.6,16.6c0-9.1,7.4-16.6,16.6-16.6C606.2,3,1000,3,1000,3V0H0z\"\/>\n<\/svg>\t\t<\/div>\n\t\t\t\t<div class=\"elementor-element elementor-element-2f1a055 elementor-widget elementor-widget-text-editor\" data-id=\"2f1a055\" data-element_type=\"widget\" data-e-type=\"widget\" data-widget_type=\"text-editor.default\">\n\t\t\t\t\t\t\t\t\t<h4 class=\"ng-star-inserted\"><span class=\"ng-star-inserted\">Synergie aus Tradition und High-Tech<\/span><\/h4><p class=\"ng-star-inserted\"><span class=\"ng-star-inserted\">Wir verstehen uns als Handwerker der neuen Generation. W\u00e4hrend wir auf\u00a0<\/span><strong class=\"ng-star-inserted\"><span class=\"ng-star-inserted\">Eisstrahler.at<\/span><\/strong><span class=\"ng-star-inserted\">\u00a0die mechanischen und thermischen Strahlverfahren perfektionieren, gehen wir technologisch noch einen Schritt weiter.<\/span><\/p><p class=\"ng-star-inserted\"><span class=\"ng-star-inserted\">Als Betreiber von\u00a0<\/span><a href=\"https:\/\/www.mclaser.at\" target=\"_blank\" rel=\"noopener\"><span style=\"text-decoration: underline;\"><strong><span style=\"color: #ffffff;\"><span class=\"ng-star-inserted\">McLaser.at<\/span><\/span><\/strong><\/span><\/a><span class=\"ng-star-inserted\">\u00a0haben wir zus\u00e4tzlich die M\u00f6glichkeit, dort anzusetzen, wo Strahlmedien an ihre Grenzen kommen. Durch diese einzigartige Kombination aus klassischer Strahltechnik und modernster\u00a0<\/span><strong class=\"ng-star-inserted\"><span class=\"ng-star-inserted\">Laserreinigung<\/span><\/strong><span class=\"ng-star-inserted\">\u00a0k\u00f6nnen wir unseren Kunden f\u00fcr jedes Problem die technologisch sinnvollste und wirtschaftlich effizienteste L\u00f6sung anbieten.<\/span><\/p><h4 class=\"ng-star-inserted\"><span class=\"ng-star-inserted\">Warum Eisstrahler.at?<\/span><\/h4><ol class=\"ng-star-inserted\"><li class=\"ng-star-inserted\"><p class=\"ng-star-inserted\"><strong class=\"ng-star-inserted\"><span class=\"ng-star-inserted\">Materialkenntnis:<\/span><\/strong><span class=\"ng-star-inserted\">\u00a0Wir wissen, wie Metalle, Kunststoffe und Verbundstoffe auf Druck, K\u00e4lte und Abrieb reagieren.<\/span><\/p><\/li><li class=\"ng-star-inserted\"><p class=\"ng-star-inserted\"><strong class=\"ng-star-inserted\"><span class=\"ng-star-inserted\">Qualit\u00e4t ohne Kompromisse:<\/span><\/strong><span class=\"ng-star-inserted\">\u00a0Wir behandeln jedes Projekt \u2013 vom kleinen Doppelvergaser bis hin zu gro\u00dfen Stahlkonstruktionen \u2013 mit der gleichen Akribie.<\/span><\/p><\/li><li class=\"ng-star-inserted\"><p class=\"ng-star-inserted\"><strong class=\"ng-star-inserted\"><span class=\"ng-star-inserted\">Flexibilit\u00e4t:<\/span><\/strong><span class=\"ng-star-inserted\">\u00a0Wir arbeiten in unserer spezialisierten Werkstatt oder kommen mit unserem mobilen Equipment direkt zu Ihnen vor Ort.<\/span><\/p><\/li><\/ol><p class=\"ng-star-inserted\"><strong class=\"ng-star-inserted\"><span class=\"ng-star-inserted\">Wir lieben, was wir tun.<\/span><\/strong><span class=\"ng-star-inserted\">\u00a0Zu sehen, wie unter Schichten von Rost, Schmutz oder altem Lack wieder ein neuwertiges Bauteil zum Vorschein kommt, ist unser t\u00e4glicher Antrieb.<\/span><\/p><h4 class=\"ng-star-inserted\"><span class=\"ng-star-inserted\">Flexibilit\u00e4t und Pr\u00e4zision im Fokus<\/span><\/h4><p class=\"ng-star-inserted\"><span class=\"ng-star-inserted\">Wir bieten Ihnen volle Flexibilit\u00e4t f\u00fcr Ihr Projekt: Viele unserer Reinigungsverfahren f\u00fchren wir mit unseren mobilen Einheiten direkt bei Ihnen vor Ort aus \u2013 effizient und unkompliziert. F\u00fcr filigrane Kleinteile oder umfangreiche Sanierungen steht Ihnen zudem unsere modern ausgestattete Werkstatt zur Verf\u00fcgung.<\/span><\/p><p class=\"ng-star-inserted\"><span class=\"ng-star-inserted\">Unser Ziel ist immer ein perfektes Ergebnis, das die Langlebigkeit Ihrer Bauteile sichert und die optimale Basis f\u00fcr alle nachfolgenden Arbeitsschritte bildet. Mit modernster Technik und handwerklichem Know-how sorgen wir daf\u00fcr, dass Ihre Oberfl\u00e4chen in neuem Glanz erstrahlen.<\/span><\/p><h5 class=\"ng-star-inserted\"><span class=\"ng-star-inserted\">Eisstrahler.at \u2013 Professionelle L\u00f6sungen f\u00fcr Reinheit und Werterhalt.<\/span><\/h5>\t\t\t\t\t\t\t\t<\/div>\n\t\t\t\t\t<\/div>\n\t\t\t\t<\/div>\n\t\t<div class=\"elementor-element elementor-element-42677dd e-flex e-con-boxed e-con e-parent\" data-id=\"42677dd\" data-element_type=\"container\" data-e-type=\"container\" data-settings=\"{&quot;background_background&quot;:&quot;classic&quot;}\">\n\t\t\t\t\t<div class=\"e-con-inner\">\n\t\t\t\t<div class=\"elementor-element elementor-element-f803d07 elementor-widget elementor-widget-text-editor\" data-id=\"f803d07\" data-element_type=\"widget\" data-e-type=\"widget\" data-widget_type=\"text-editor.default\">\n\t\t\t\t\t\t\t\t\t<h4>Sie haben ein Projekt, das Fingerspitzengef\u00fchl erfordert?<br \/><strong>Lernen Sie uns kennen.<\/strong><\/h4>\t\t\t\t\t\t\t\t<\/div>\n\t\t\t\t<div class=\"elementor-element elementor-element-d9a5019 elementor-widget elementor-widget-button\" data-id=\"d9a5019\" data-element_type=\"widget\" data-e-type=\"widget\" data-widget_type=\"button.default\">\n\t\t\t\t\t\t\t\t\t\t<a class=\"elementor-button elementor-button-link elementor-size-sm\" href=\"https:\/\/www.eisstrahler.at\/index.php\/kontaktformular\/\">\n\t\t\t\t\t\t<span class=\"elementor-button-content-wrapper\">\n\t\t\t\t\t\t\t\t\t<span class=\"elementor-button-text\">QUICK-CHECK<\/span>\n\t\t\t\t\t<\/span>\n\t\t\t\t\t<\/a>\n\t\t\t\t\t\t\t\t<\/div>\n\t\t\t\t<div class=\"elementor-element elementor-element-4bb0152 elementor-widget elementor-widget-button\" data-id=\"4bb0152\" data-element_type=\"widget\" data-e-type=\"widget\" data-widget_type=\"button.default\">\n\t\t\t\t\t\t\t\t\t\t<a class=\"elementor-button elementor-button-link elementor-size-sm\" href=\"https:\/\/www.eisstrahler.at\/\">\n\t\t\t\t\t\t<span class=\"elementor-button-content-wrapper\">\n\t\t\t\t\t\t\t\t\t<span class=\"elementor-button-text\">back<\/span>\n\t\t\t\t\t<\/span>\n\t\t\t\t\t<\/a>\n\t\t\t\t\t\t\t\t<\/div>\n\t\t\t\t\t<\/div>\n\t\t\t\t<\/div>\n\t\t\t\t<\/div>\n\t\t","protected":false},"excerpt":{"rendered":"<p>Expertise f\u00fcr jede Oberfl\u00e4che Oberfl\u00e4chenreinigung ist keine Standardaufgabe \u2013 sie ist eine Entscheidung f\u00fcr Werterhalt und Pr\u00e4zision. Herzlich willkommen bei\u00a0Eisstrahler.at. Wir sind Ihr spezialisierter Partner, wenn es darum geht, Oberfl\u00e4chen nicht nur zu reinigen, sondern sie professionell f\u00fcr die Zukunft vorzubereiten. Unsere Philosophie: Das richtige Verfahren f\u00fcr Ihr Material In der Welt der Oberfl\u00e4chentechnik gibt [&hellip;]<\/p>\n","protected":false},"author":1,"featured_media":0,"parent":0,"menu_order":0,"comment_status":"closed","ping_status":"closed","template":"elementor_header_footer","meta":{"footnotes":""},"class_list":["post-77","page","type-page","status-publish","hentry"],"_links":{"self":[{"href":"https:\/\/www.eisstrahler.at\/index.php\/wp-json\/wp\/v2\/pages\/77","targetHints":{"allow":["GET"]}}],"collection":[{"href":"https:\/\/www.eisstrahler.at\/index.php\/wp-json\/wp\/v2\/pages"}],"about":[{"href":"https:\/\/www.eisstrahler.at\/index.php\/wp-json\/wp\/v2\/types\/page"}],"author":[{"embeddable":true,"href":"https:\/\/www.eisstrahler.at\/index.php\/wp-json\/wp\/v2\/users\/1"}],"replies":[{"embeddable":true,"href":"https:\/\/www.eisstrahler.at\/index.php\/wp-json\/wp\/v2\/comments?post=77"}],"version-history":[{"count":0,"href":"https:\/\/www.eisstrahler.at\/index.php\/wp-json\/wp\/v2\/pages\/77\/revisions"}],"wp:attachment":[{"href":"https:\/\/www.eisstrahler.at\/index.php\/wp-json\/wp\/v2\/media?parent=77"}],"curies":[{"name":"wp","href":"https:\/\/api.w.org\/{rel}","templated":true}]}}