{"id":38,"date":"2026-02-08T18:58:16","date_gmt":"2026-02-08T17:58:16","guid":{"rendered":"http:\/\/localhost\/wordpress\/?page_id=38"},"modified":"2026-02-27T23:11:04","modified_gmt":"2026-02-27T22:11:04","slug":"sandstrahler","status":"publish","type":"page","link":"https:\/\/www.eisstrahler.at\/index.php\/sandstrahler\/","title":{"rendered":"SandStrahler"},"content":{"rendered":"\t\t<div data-elementor-type=\"wp-page\" data-elementor-id=\"38\" class=\"elementor elementor-38\">\n\t\t\t\t<div class=\"elementor-element elementor-element-81c9000 e-flex e-con-boxed e-con e-parent\" data-id=\"81c9000\" data-element_type=\"container\" data-e-type=\"container\" data-settings=\"{&quot;background_background&quot;:&quot;classic&quot;}\">\n\t\t\t\t\t<div class=\"e-con-inner\">\n\t\t<div class=\"elementor-element elementor-element-828f8f8 e-flex e-con-boxed e-con e-child\" data-id=\"828f8f8\" data-element_type=\"container\" data-e-type=\"container\">\n\t\t\t\t\t<div class=\"e-con-inner\">\n\t\t\t\t<div class=\"elementor-element elementor-element-184363c elementor-widget__width-initial elementor-widget-mobile__width-initial elementor-widget elementor-widget-site-logo\" data-id=\"184363c\" data-element_type=\"widget\" data-e-type=\"widget\" data-settings=\"{&quot;align_mobile&quot;:&quot;left&quot;,&quot;width&quot;:{&quot;unit&quot;:&quot;%&quot;,&quot;size&quot;:80,&quot;sizes&quot;:[]},&quot;width_mobile&quot;:{&quot;unit&quot;:&quot;%&quot;,&quot;size&quot;:100,&quot;sizes&quot;:[]},&quot;align&quot;:&quot;center&quot;,&quot;width_tablet&quot;:{&quot;unit&quot;:&quot;%&quot;,&quot;size&quot;:&quot;&quot;,&quot;sizes&quot;:[]},&quot;space&quot;:{&quot;unit&quot;:&quot;%&quot;,&quot;size&quot;:&quot;&quot;,&quot;sizes&quot;:[]},&quot;space_tablet&quot;:{&quot;unit&quot;:&quot;%&quot;,&quot;size&quot;:&quot;&quot;,&quot;sizes&quot;:[]},&quot;space_mobile&quot;:{&quot;unit&quot;:&quot;%&quot;,&quot;size&quot;:&quot;&quot;,&quot;sizes&quot;:[]},&quot;image_border_radius&quot;:{&quot;unit&quot;:&quot;px&quot;,&quot;top&quot;:&quot;&quot;,&quot;right&quot;:&quot;&quot;,&quot;bottom&quot;:&quot;&quot;,&quot;left&quot;:&quot;&quot;,&quot;isLinked&quot;:true},&quot;image_border_radius_tablet&quot;:{&quot;unit&quot;:&quot;px&quot;,&quot;top&quot;:&quot;&quot;,&quot;right&quot;:&quot;&quot;,&quot;bottom&quot;:&quot;&quot;,&quot;left&quot;:&quot;&quot;,&quot;isLinked&quot;:true},&quot;image_border_radius_mobile&quot;:{&quot;unit&quot;:&quot;px&quot;,&quot;top&quot;:&quot;&quot;,&quot;right&quot;:&quot;&quot;,&quot;bottom&quot;:&quot;&quot;,&quot;left&quot;:&quot;&quot;,&quot;isLinked&quot;:true},&quot;caption_padding&quot;:{&quot;unit&quot;:&quot;px&quot;,&quot;top&quot;:&quot;&quot;,&quot;right&quot;:&quot;&quot;,&quot;bottom&quot;:&quot;&quot;,&quot;left&quot;:&quot;&quot;,&quot;isLinked&quot;:true},&quot;caption_padding_tablet&quot;:{&quot;unit&quot;:&quot;px&quot;,&quot;top&quot;:&quot;&quot;,&quot;right&quot;:&quot;&quot;,&quot;bottom&quot;:&quot;&quot;,&quot;left&quot;:&quot;&quot;,&quot;isLinked&quot;:true},&quot;caption_padding_mobile&quot;:{&quot;unit&quot;:&quot;px&quot;,&quot;top&quot;:&quot;&quot;,&quot;right&quot;:&quot;&quot;,&quot;bottom&quot;:&quot;&quot;,&quot;left&quot;:&quot;&quot;,&quot;isLinked&quot;:true},&quot;caption_space&quot;:{&quot;unit&quot;:&quot;px&quot;,&quot;size&quot;:0,&quot;sizes&quot;:[]},&quot;caption_space_tablet&quot;:{&quot;unit&quot;:&quot;px&quot;,&quot;size&quot;:&quot;&quot;,&quot;sizes&quot;:[]},&quot;caption_space_mobile&quot;:{&quot;unit&quot;:&quot;px&quot;,&quot;size&quot;:&quot;&quot;,&quot;sizes&quot;:[]}}\" data-widget_type=\"site-logo.default\">\n\t\t\t\t<div class=\"elementor-widget-container\">\n\t\t\t\t\t\t\t<div class=\"hfe-site-logo\">\n\t\t\t\t\t\t\t\t\t\t\t\t\t<a data-elementor-open-lightbox=\"\"  class='elementor-clickable' href=\"https:\/\/www.eisstrahler.at\">\n\t\t\t\t\t\t\t<div class=\"hfe-site-logo-set\">           \n\t\t\t\t<div class=\"hfe-site-logo-container\">\n\t\t\t\t\t\t\t\t\t<img decoding=\"async\" class=\"hfe-site-logo-img elementor-animation-\"  src=\"https:\/\/www.eisstrahler.at\/wp-content\/uploads\/2026\/02\/LOGO_SandStrahler_FINAL.png\" alt=\"LOGO_SandStrahler_FINAL\"\/>\n\t\t\t\t<\/div>\n\t\t\t<\/div>\n\t\t\t\t\t\t\t<\/a>\n\t\t\t\t\t\t<\/div>  \n\t\t\t\t\t\t\t<\/div>\n\t\t\t\t<\/div>\n\t\t\t\t<div class=\"elementor-element elementor-element-817c4e2 elementor-widget elementor-widget-heading\" data-id=\"817c4e2\" data-element_type=\"widget\" data-e-type=\"widget\" data-widget_type=\"heading.default\">\n\t\t\t\t\t<h5 class=\"elementor-heading-title elementor-size-default\">Die kraftvolle Basis f\u00fcr neue Oberfl\u00e4chen<\/h5>\t\t\t\t<\/div>\n\t\t\t\t\t<\/div>\n\t\t\t\t<\/div>\n\t\t\t\t\t<\/div>\n\t\t\t\t<\/div>\n\t\t<div class=\"elementor-element elementor-element-d7d3a81 e-flex e-con-boxed e-con e-parent\" data-id=\"d7d3a81\" data-element_type=\"container\" data-e-type=\"container\" data-settings=\"{&quot;background_background&quot;:&quot;classic&quot;}\">\n\t\t\t\t\t<div class=\"e-con-inner\">\n\t\t\t\t<div class=\"elementor-element elementor-element-d8e0419 elementor-pagination-position-inside elementor-arrows-position-outside elementor-invisible elementor-widget elementor-widget-image-carousel\" data-id=\"d8e0419\" data-element_type=\"widget\" data-e-type=\"widget\" data-settings=\"{&quot;slides_to_show&quot;:&quot;4&quot;,&quot;slides_to_scroll&quot;:&quot;1&quot;,&quot;autoplay_speed&quot;:3000,&quot;_animation&quot;:&quot;fadeIn&quot;,&quot;speed&quot;:700,&quot;navigation&quot;:&quot;both&quot;,&quot;autoplay&quot;:&quot;yes&quot;,&quot;pause_on_hover&quot;:&quot;yes&quot;,&quot;pause_on_interaction&quot;:&quot;yes&quot;,&quot;infinite&quot;:&quot;yes&quot;,&quot;image_spacing_custom&quot;:{&quot;unit&quot;:&quot;px&quot;,&quot;size&quot;:20,&quot;sizes&quot;:[]},&quot;image_spacing_custom_tablet&quot;:{&quot;unit&quot;:&quot;px&quot;,&quot;size&quot;:&quot;&quot;,&quot;sizes&quot;:[]},&quot;image_spacing_custom_mobile&quot;:{&quot;unit&quot;:&quot;px&quot;,&quot;size&quot;:&quot;&quot;,&quot;sizes&quot;:[]}}\" data-widget_type=\"image-carousel.default\">\n\t\t\t\t\t\t\t<div class=\"elementor-image-carousel-wrapper swiper\" role=\"region\" aria-roledescription=\"carousel\" aria-label=\"Image Carousel eis\" dir=\"ltr\">\n\t\t\t<div class=\"elementor-image-carousel swiper-wrapper\" aria-live=\"off\">\n\t\t\t\t\t\t\t\t<div class=\"swiper-slide\" role=\"group\" aria-roledescription=\"slide\" aria-label=\"1 of 16\"><figure class=\"swiper-slide-inner\"><img decoding=\"async\" class=\"swiper-slide-image\" src=\"https:\/\/www.eisstrahler.at\/wp-content\/uploads\/2026\/02\/IMG_20180411_111104.jpg\" alt=\"Steinmauer\" \/><\/figure><\/div><div class=\"swiper-slide\" role=\"group\" aria-roledescription=\"slide\" aria-label=\"2 of 16\"><figure class=\"swiper-slide-inner\"><img decoding=\"async\" class=\"swiper-slide-image\" src=\"https:\/\/www.eisstrahler.at\/wp-content\/uploads\/2026\/02\/IMG_20180417_180005.jpg\" alt=\"Steinmauer\" \/><\/figure><\/div><div class=\"swiper-slide\" role=\"group\" aria-roledescription=\"slide\" aria-label=\"3 of 16\"><figure class=\"swiper-slide-inner\"><img decoding=\"async\" class=\"swiper-slide-image\" src=\"https:\/\/www.eisstrahler.at\/wp-content\/uploads\/2026\/02\/IMG_20180411_111125.jpg\" alt=\"Steinmauer\" \/><\/figure><\/div><div class=\"swiper-slide\" role=\"group\" aria-roledescription=\"slide\" aria-label=\"4 of 16\"><figure class=\"swiper-slide-inner\"><img decoding=\"async\" class=\"swiper-slide-image\" src=\"https:\/\/www.eisstrahler.at\/wp-content\/uploads\/2026\/02\/IMG_20180418_182617.jpg\" alt=\"Steinmauer\" \/><\/figure><\/div><div class=\"swiper-slide\" role=\"group\" aria-roledescription=\"slide\" aria-label=\"5 of 16\"><figure class=\"swiper-slide-inner\"><img decoding=\"async\" class=\"swiper-slide-image\" src=\"https:\/\/www.eisstrahler.at\/wp-content\/uploads\/2026\/02\/IMG_20180503_133335.jpg\" alt=\"Br\u00fccke\" \/><\/figure><\/div><div class=\"swiper-slide\" role=\"group\" aria-roledescription=\"slide\" aria-label=\"6 of 16\"><figure class=\"swiper-slide-inner\"><img decoding=\"async\" class=\"swiper-slide-image\" src=\"https:\/\/www.eisstrahler.at\/wp-content\/uploads\/2026\/02\/IMG_20180503_111850.jpg\" alt=\"Br\u00fccke\" \/><\/figure><\/div><div class=\"swiper-slide\" role=\"group\" aria-roledescription=\"slide\" aria-label=\"7 of 16\"><figure class=\"swiper-slide-inner\"><img decoding=\"async\" class=\"swiper-slide-image\" src=\"https:\/\/www.eisstrahler.at\/wp-content\/uploads\/2026\/02\/IMG_20180503_133135.jpg\" alt=\"Br\u00fccke\" \/><\/figure><\/div><div class=\"swiper-slide\" role=\"group\" aria-roledescription=\"slide\" aria-label=\"8 of 16\"><figure class=\"swiper-slide-inner\"><img decoding=\"async\" class=\"swiper-slide-image\" src=\"https:\/\/www.eisstrahler.at\/wp-content\/uploads\/2026\/02\/IMG_20180503_111858.jpg\" alt=\"Br\u00fccke\" \/><\/figure><\/div><div class=\"swiper-slide\" role=\"group\" aria-roledescription=\"slide\" aria-label=\"9 of 16\"><figure class=\"swiper-slide-inner\"><img decoding=\"async\" class=\"swiper-slide-image\" src=\"https:\/\/www.eisstrahler.at\/wp-content\/uploads\/2026\/02\/IMG_20180503_133127.jpg\" alt=\"Br\u00fccke\" \/><\/figure><\/div><div class=\"swiper-slide\" role=\"group\" aria-roledescription=\"slide\" aria-label=\"10 of 16\"><figure class=\"swiper-slide-inner\"><img decoding=\"async\" class=\"swiper-slide-image\" src=\"https:\/\/www.eisstrahler.at\/wp-content\/uploads\/2026\/02\/IMG_20180704_093204.jpg\" alt=\"Holzstiege\" \/><\/figure><\/div><div class=\"swiper-slide\" role=\"group\" aria-roledescription=\"slide\" aria-label=\"11 of 16\"><figure class=\"swiper-slide-inner\"><img decoding=\"async\" class=\"swiper-slide-image\" src=\"https:\/\/www.eisstrahler.at\/wp-content\/uploads\/2026\/02\/IMG_20180704_141804.jpg\" alt=\"Holzstiege\" \/><\/figure><\/div><div class=\"swiper-slide\" role=\"group\" aria-roledescription=\"slide\" aria-label=\"12 of 16\"><figure class=\"swiper-slide-inner\"><img decoding=\"async\" class=\"swiper-slide-image\" src=\"https:\/\/www.eisstrahler.at\/wp-content\/uploads\/2026\/02\/IMG_20180704_093602.jpg\" alt=\"Holzstiege\" \/><\/figure><\/div><div class=\"swiper-slide\" role=\"group\" aria-roledescription=\"slide\" aria-label=\"13 of 16\"><figure class=\"swiper-slide-inner\"><img decoding=\"async\" class=\"swiper-slide-image\" src=\"https:\/\/www.eisstrahler.at\/wp-content\/uploads\/2026\/02\/IMG_20180704_141834.jpg\" alt=\"Holzstiege\" \/><\/figure><\/div><div class=\"swiper-slide\" role=\"group\" aria-roledescription=\"slide\" aria-label=\"14 of 16\"><figure class=\"swiper-slide-inner\"><img decoding=\"async\" class=\"swiper-slide-image\" src=\"https:\/\/www.eisstrahler.at\/wp-content\/uploads\/2026\/02\/IMG_20180330_101819.jpg\" alt=\"Holztramdecke\" \/><\/figure><\/div><div class=\"swiper-slide\" role=\"group\" aria-roledescription=\"slide\" aria-label=\"15 of 16\"><figure class=\"swiper-slide-inner\"><img decoding=\"async\" class=\"swiper-slide-image\" src=\"https:\/\/www.eisstrahler.at\/wp-content\/uploads\/2026\/02\/IMG_20180329_112523.jpg\" alt=\"Holztramdecke\" \/><\/figure><\/div><div class=\"swiper-slide\" role=\"group\" aria-roledescription=\"slide\" aria-label=\"16 of 16\"><figure class=\"swiper-slide-inner\"><img decoding=\"async\" class=\"swiper-slide-image\" src=\"https:\/\/www.eisstrahler.at\/wp-content\/uploads\/2026\/02\/IMG_20180329_125756.jpg\" alt=\"Holztramdecke\" \/><\/figure><\/div>\t\t\t<\/div>\n\t\t\t\t\t\t\t\t\t\t\t\t<div class=\"elementor-swiper-button elementor-swiper-button-prev\" role=\"button\" tabindex=\"0\">\n\t\t\t\t\t\t<svg aria-hidden=\"true\" class=\"e-font-icon-svg e-eicon-chevron-left\" viewBox=\"0 0 1000 1000\" xmlns=\"http:\/\/www.w3.org\/2000\/svg\"><path d=\"M646 125C629 125 613 133 604 142L308 442C296 454 292 471 292 487 292 504 296 521 308 533L604 854C617 867 629 875 646 875 663 875 679 871 692 858 704 846 713 829 713 812 713 796 708 779 692 767L438 487 692 225C700 217 708 204 708 187 708 171 704 154 692 142 675 129 663 125 646 125Z\"><\/path><\/svg>\t\t\t\t\t<\/div>\n\t\t\t\t\t<div class=\"elementor-swiper-button elementor-swiper-button-next\" role=\"button\" tabindex=\"0\">\n\t\t\t\t\t\t<svg aria-hidden=\"true\" class=\"e-font-icon-svg e-eicon-chevron-right\" viewBox=\"0 0 1000 1000\" xmlns=\"http:\/\/www.w3.org\/2000\/svg\"><path d=\"M696 533C708 521 713 504 713 487 713 471 708 454 696 446L400 146C388 133 375 125 354 125 338 125 325 129 313 142 300 154 292 171 292 187 292 204 296 221 308 233L563 492 304 771C292 783 288 800 288 817 288 833 296 850 308 863 321 871 338 875 354 875 371 875 388 867 400 854L696 533Z\"><\/path><\/svg>\t\t\t\t\t<\/div>\n\t\t\t\t\n\t\t\t\t\t\t\t\t\t<div class=\"swiper-pagination\"><\/div>\n\t\t\t\t\t\t\t\t\t<\/div>\n\t\t\t\t\t\t<\/div>\n\t\t\t\t\t<\/div>\n\t\t\t\t<\/div>\n\t\t<div class=\"elementor-element elementor-element-9ddb652 e-flex e-con-boxed e-con e-parent\" data-id=\"9ddb652\" data-element_type=\"container\" data-e-type=\"container\" data-settings=\"{&quot;background_background&quot;:&quot;classic&quot;}\">\n\t\t\t\t\t<div class=\"e-con-inner\">\n\t\t\t\t<div class=\"elementor-element elementor-element-9fff3ed elementor-align-center elementor-widget elementor-widget-button\" data-id=\"9fff3ed\" data-element_type=\"widget\" data-e-type=\"widget\" data-widget_type=\"button.default\">\n\t\t\t\t\t\t\t\t\t\t<a class=\"elementor-button elementor-button-link elementor-size-sm\" href=\"https:\/\/www.eisstrahler.at\/index.php\/galerie-sandstrahler\/\">\n\t\t\t\t\t\t<span class=\"elementor-button-content-wrapper\">\n\t\t\t\t\t\t\t\t\t<span class=\"elementor-button-text\">Galerie Sandstrahler<\/span>\n\t\t\t\t\t<\/span>\n\t\t\t\t\t<\/a>\n\t\t\t\t\t\t\t\t<\/div>\n\t\t\t\t\t<\/div>\n\t\t\t\t<\/div>\n\t\t<div class=\"elementor-element elementor-element-d786769 e-flex e-con-boxed e-con e-parent\" data-id=\"d786769\" data-element_type=\"container\" data-e-type=\"container\" data-settings=\"{&quot;background_background&quot;:&quot;classic&quot;}\">\n\t\t\t\t\t<div class=\"e-con-inner\">\n\t\t\t\t<div class=\"elementor-element elementor-element-fa8620c elementor-widget elementor-widget-text-editor\" data-id=\"fa8620c\" data-element_type=\"widget\" data-e-type=\"widget\" data-widget_type=\"text-editor.default\">\n\t\t\t\t\t\t\t\t\t<h4 class=\"ng-star-inserted\"><strong class=\"ng-star-inserted\"><span class=\"ng-star-inserted\">Wenn Gr\u00fcndlichkeit entscheidend ist: Porentiefe Entrostung und perfekte Haftung.<\/span><\/strong><\/h4><p class=\"ng-star-inserted\"><span class=\"ng-star-inserted\">Das Sandstrahlen (Granulatstrahlen) ist der bew\u00e4hrte Klassiker, wenn es darum geht, hartn\u00e4ckige Korrosion, alte Lackschichten oder tiefsitzende Verunreinigungen restlos zu entfernen. Es ist die unverzichtbare Vorbereitung f\u00fcr jede professionelle Neulackierung oder Beschichtung.<\/span><\/p><h4 class=\"ng-star-inserted\"><strong><span class=\"ng-star-inserted\">Was ist Sandstrahlen eigentlich?<\/span><\/strong><\/h4><p class=\"ng-star-inserted\"><span class=\"ng-star-inserted\">Entgegen dem Namen wird heute selten mit echtem Quarzsand gearbeitet (aus Arbeitsschutzgr\u00fcnden). Wir verwenden modernste\u00a0<\/span><strong class=\"ng-star-inserted\"><span class=\"ng-star-inserted\">Strahlsand-Ersatzmittel (Granulate)<\/span><\/strong><span class=\"ng-star-inserted\">\u00a0wie Glasbruch, Korund oder Hochofenschlacke. Dabei wird das Strahlmittel mittels Druckluft mit enormer Geschwindigkeit auf das Werkst\u00fcck geschleudert.<\/span><\/p><h4 class=\"ng-star-inserted\"><strong><span class=\"ng-star-inserted\">Wie funktioniert es? (Der abrasive Effekt)<\/span><\/strong><\/h4><p class=\"ng-star-inserted\"><span class=\"ng-star-inserted\">Im Gegensatz zu Trockeneis oder Liquid Blast arbeitet das Sandstrahlen\u00a0<\/span><strong class=\"ng-star-inserted\"><span class=\"ng-star-inserted\">abrasiv<\/span><\/strong><span class=\"ng-star-inserted\">. Das bedeutet:<\/span><\/p><ol class=\"ng-star-inserted\"><li class=\"ng-star-inserted\"><p class=\"ng-star-inserted\"><strong class=\"ng-star-inserted\"><span class=\"ng-star-inserted\">Abtrag:<\/span><\/strong><span class=\"ng-star-inserted\">\u00a0Die scharfkantigen Partikel schlagen kleinste Teilchen der unerw\u00fcnschten Schicht (Rost\/Lack) ab.<\/span><\/p><\/li><li class=\"ng-star-inserted\"><p class=\"ng-star-inserted\"><strong class=\"ng-star-inserted\"><span class=\"ng-star-inserted\">Aufrauen (Der &#8222;Grip&#8220;-Effekt):<\/span><\/strong><span class=\"ng-star-inserted\">\u00a0Das Verfahren reinigt nicht nur, sondern erzeugt eine definierte Rauheit der Oberfl\u00e4che. Dies ist entscheidend, damit Grundierungen und Pulverbeschichtungen eine mechanische Verzahnung mit dem Metall eingehen k\u00f6nnen.<\/span><\/p><\/li><li class=\"ng-star-inserted\"><p class=\"ng-star-inserted\"><strong class=\"ng-star-inserted\"><span class=\"ng-star-inserted\">Tiefenwirkung:<\/span><\/strong><span class=\"ng-star-inserted\">\u00a0Selbst tief in Poren sitzender Rost wird mechanisch herausgearbeitet.<\/span><\/p><\/li><\/ol><h4 class=\"ng-star-inserted\"><strong><span class=\"ng-star-inserted\">Warum Sandstrahlen bei uns? Ihre Vorteile:<\/span><\/strong><\/h4><ul class=\"ng-star-inserted\"><li class=\"ng-star-inserted\"><p class=\"ng-star-inserted\"><strong class=\"ng-star-inserted\"><span class=\"ng-star-inserted\">Maximale Reinigungskraft:<\/span><\/strong><span class=\"ng-star-inserted\">\u00a0Entfernt selbst dickste Rostschichten und alte Pulverbeschichtungen, an denen andere Verfahren scheitern.<\/span><\/p><\/li><li class=\"ng-star-inserted\"><p class=\"ng-star-inserted\"><strong class=\"ng-star-inserted\"><span class=\"ng-star-inserted\">Optimale Vorbereitung:<\/span><\/strong><span class=\"ng-star-inserted\">\u00a0Schafft die perfekte Oberfl\u00e4chenstruktur f\u00fcr langlebigen Korrosionsschutz (z.B. nach \u00d6NORM).<\/span><\/p><\/li><li class=\"ng-star-inserted\"><p class=\"ng-star-inserted\"><strong class=\"ng-star-inserted\"><span class=\"ng-star-inserted\">Vielseitigkeit:<\/span><\/strong><span class=\"ng-star-inserted\">\u00a0Durch die Wahl unterschiedlicher Granulate k\u00f6nnen wir die Intensit\u00e4t perfekt auf das Material (Stahl, Gusseisen, Stein) abstimmen.<\/span><\/p><\/li><\/ul><h4 class=\"ng-star-inserted\"><strong><span class=\"ng-star-inserted\">Typische Einsatzgebiete:<\/span><\/strong><\/h4><ul class=\"ng-star-inserted\"><li class=\"ng-star-inserted\"><p class=\"ng-star-inserted\"><strong class=\"ng-star-inserted\"><span class=\"ng-star-inserted\">KFZ-Restauration:<\/span><\/strong><span class=\"ng-star-inserted\">\u00a0Entrostung von Fahrgestellen, Stahlfelgen und massiven Rahmenteilen.<\/span><\/p><\/li><li class=\"ng-star-inserted\"><p class=\"ng-star-inserted\"><strong class=\"ng-star-inserted\"><span class=\"ng-star-inserted\">Metallbau:<\/span><\/strong><span class=\"ng-star-inserted\">\u00a0Gel\u00e4nder, Z\u00e4une, Tore und Stahlkonstruktionen.<\/span><\/p><\/li><li class=\"ng-star-inserted\"><p class=\"ng-star-inserted\"><strong class=\"ng-star-inserted\"><span class=\"ng-star-inserted\">Bauwesen:<\/span><\/strong><span class=\"ng-star-inserted\">\u00a0Reinigung von Mauerwerk oder Betonsanierung.<\/span><\/p><\/li><li class=\"ng-star-inserted\"><p class=\"ng-star-inserted\"><strong class=\"ng-star-inserted\"><span class=\"ng-star-inserted\">Industrie:<\/span><\/strong><span class=\"ng-star-inserted\">\u00a0Entlacken von schweren Maschinenbauteilen.<\/span><\/p><\/li><\/ul><h4 class=\"ng-star-inserted\"><strong><span class=\"ng-star-inserted\">\u201eSand, Wasser oder Licht \u2013 was ist die richtige Wahl?\u201c<\/span><\/strong><\/h4><ul class=\"ng-star-inserted\"><li class=\"ng-star-inserted\"><p class=\"ng-star-inserted\"><strong class=\"ng-star-inserted\"><span class=\"ng-star-inserted\">Sandstrahlen<\/span><\/strong><span class=\"ng-star-inserted\">\u00a0ist Ihre Wahl f\u00fcr\u00a0<\/span><strong class=\"ng-star-inserted\"><span class=\"ng-star-inserted\">starken Rost<\/span><\/strong><span class=\"ng-star-inserted\">\u00a0und wenn eine neue Lackierung geplant ist (schafft Haftgrund).<\/span><\/p><\/li><li class=\"ng-star-inserted\"><p class=\"ng-star-inserted\"><strong class=\"ng-star-inserted\"><span class=\"ng-star-inserted\">LIQUID BLAST<\/span><\/strong><span class=\"ng-star-inserted\">\u00a0nutzen wir, wenn Sie ein\u00a0<\/span><strong class=\"ng-star-inserted\"><span class=\"ng-star-inserted\">edles Finish<\/span><\/strong><span class=\"ng-star-inserted\">\u00a0bei Aluminium oder Buntmetallen ohne Aufrauen der Oberfl\u00e4che w\u00fcnschen.<\/span><\/p><\/li><li class=\"ng-star-inserted\"><p class=\"ng-star-inserted\"><strong class=\"ng-star-inserted\"><span class=\"ng-star-inserted\">Trockeneis<\/span><\/strong><span class=\"ng-star-inserted\">\u00a0ist ideal f\u00fcr die\u00a0<\/span><strong class=\"ng-star-inserted\"><span class=\"ng-star-inserted\">reine Reinigung<\/span><\/strong><span class=\"ng-star-inserted\">\u00a0von \u00d6l und Fett ohne Materialabtrag.<\/span><\/p><\/li><li class=\"ng-star-inserted\"><p class=\"ng-star-inserted\"><strong class=\"ng-star-inserted\"><span class=\"ng-star-inserted\">Laserreinigung &#8222;<\/span><\/strong><span style=\"text-decoration: underline;\"><strong><span class=\"ng-star-inserted\"><span style=\"color: #0ba39e;\"><a style=\"color: #0ba39e; text-decoration: underline;\" href=\"https:\/\/www.mclaser.at\" target=\"_blank\" rel=\"noopener\">mclaser.at<\/a><\/span><\/span><\/strong><\/span><strong class=\"ng-star-inserted\"><span class=\"ng-star-inserted\">&#8222;<\/span><\/strong><span class=\"ng-star-inserted\">\u00a0ist die L\u00f6sung, wenn\u00a0<\/span><strong class=\"ng-star-inserted\"><span class=\"ng-star-inserted\">absolut kein Strahlgut<\/span><\/strong><span class=\"ng-star-inserted\">\u00a0(Sand\/Glas) verwendet werden darf oder wenn es um hauchd\u00fcnne, hochpr\u00e4zise Entrostung geht.<\/span><\/p><\/li><\/ul>\t\t\t\t\t\t\t\t<\/div>\n\t\t\t\t\t<\/div>\n\t\t\t\t<\/div>\n\t\t\t\t<\/div>\n\t\t","protected":false},"excerpt":{"rendered":"<p>Die kraftvolle Basis f\u00fcr neue Oberfl\u00e4chen Galerie Sandstrahler Wenn Gr\u00fcndlichkeit entscheidend ist: Porentiefe Entrostung und perfekte Haftung. Das Sandstrahlen (Granulatstrahlen) ist der bew\u00e4hrte Klassiker, wenn es darum geht, hartn\u00e4ckige Korrosion, alte Lackschichten oder tiefsitzende Verunreinigungen restlos zu entfernen. Es ist die unverzichtbare Vorbereitung f\u00fcr jede professionelle Neulackierung oder Beschichtung. Was ist Sandstrahlen eigentlich? Entgegen dem [&hellip;]<\/p>\n","protected":false},"author":1,"featured_media":0,"parent":0,"menu_order":0,"comment_status":"closed","ping_status":"closed","template":"elementor_header_footer","meta":{"footnotes":""},"class_list":["post-38","page","type-page","status-publish","hentry"],"_links":{"self":[{"href":"https:\/\/www.eisstrahler.at\/index.php\/wp-json\/wp\/v2\/pages\/38","targetHints":{"allow":["GET"]}}],"collection":[{"href":"https:\/\/www.eisstrahler.at\/index.php\/wp-json\/wp\/v2\/pages"}],"about":[{"href":"https:\/\/www.eisstrahler.at\/index.php\/wp-json\/wp\/v2\/types\/page"}],"author":[{"embeddable":true,"href":"https:\/\/www.eisstrahler.at\/index.php\/wp-json\/wp\/v2\/users\/1"}],"replies":[{"embeddable":true,"href":"https:\/\/www.eisstrahler.at\/index.php\/wp-json\/wp\/v2\/comments?post=38"}],"version-history":[{"count":6,"href":"https:\/\/www.eisstrahler.at\/index.php\/wp-json\/wp\/v2\/pages\/38\/revisions"}],"predecessor-version":[{"id":2027,"href":"https:\/\/www.eisstrahler.at\/index.php\/wp-json\/wp\/v2\/pages\/38\/revisions\/2027"}],"wp:attachment":[{"href":"https:\/\/www.eisstrahler.at\/index.php\/wp-json\/wp\/v2\/media?parent=38"}],"curies":[{"name":"wp","href":"https:\/\/api.w.org\/{rel}","templated":true}]}}