{"id":36,"date":"2026-02-08T18:57:51","date_gmt":"2026-02-08T17:57:51","guid":{"rendered":"http:\/\/localhost\/wordpress\/?page_id=36"},"modified":"2026-02-27T23:14:06","modified_gmt":"2026-02-27T22:14:06","slug":"liquidblast","status":"publish","type":"page","link":"https:\/\/www.eisstrahler.at\/index.php\/liquidblast\/","title":{"rendered":"LiquidBlast"},"content":{"rendered":"\t\t<div data-elementor-type=\"wp-page\" data-elementor-id=\"36\" class=\"elementor elementor-36\">\n\t\t\t\t<div class=\"elementor-element elementor-element-6680632 e-flex e-con-boxed e-con e-parent\" data-id=\"6680632\" data-element_type=\"container\" data-e-type=\"container\" data-settings=\"{&quot;background_background&quot;:&quot;classic&quot;}\">\n\t\t\t\t\t<div class=\"e-con-inner\">\n\t\t<div class=\"elementor-element elementor-element-35702c0 e-flex e-con-boxed e-con e-child\" data-id=\"35702c0\" data-element_type=\"container\" data-e-type=\"container\">\n\t\t\t\t\t<div class=\"e-con-inner\">\n\t\t\t\t<div class=\"elementor-element elementor-element-28bac78 elementor-widget__width-initial elementor-widget elementor-widget-site-logo\" data-id=\"28bac78\" data-element_type=\"widget\" data-e-type=\"widget\" data-settings=\"{&quot;align_mobile&quot;:&quot;left&quot;,&quot;align&quot;:&quot;center&quot;,&quot;width&quot;:{&quot;unit&quot;:&quot;%&quot;,&quot;size&quot;:&quot;&quot;,&quot;sizes&quot;:[]},&quot;width_tablet&quot;:{&quot;unit&quot;:&quot;%&quot;,&quot;size&quot;:&quot;&quot;,&quot;sizes&quot;:[]},&quot;width_mobile&quot;:{&quot;unit&quot;:&quot;%&quot;,&quot;size&quot;:&quot;&quot;,&quot;sizes&quot;:[]},&quot;space&quot;:{&quot;unit&quot;:&quot;%&quot;,&quot;size&quot;:&quot;&quot;,&quot;sizes&quot;:[]},&quot;space_tablet&quot;:{&quot;unit&quot;:&quot;%&quot;,&quot;size&quot;:&quot;&quot;,&quot;sizes&quot;:[]},&quot;space_mobile&quot;:{&quot;unit&quot;:&quot;%&quot;,&quot;size&quot;:&quot;&quot;,&quot;sizes&quot;:[]},&quot;image_border_radius&quot;:{&quot;unit&quot;:&quot;px&quot;,&quot;top&quot;:&quot;&quot;,&quot;right&quot;:&quot;&quot;,&quot;bottom&quot;:&quot;&quot;,&quot;left&quot;:&quot;&quot;,&quot;isLinked&quot;:true},&quot;image_border_radius_tablet&quot;:{&quot;unit&quot;:&quot;px&quot;,&quot;top&quot;:&quot;&quot;,&quot;right&quot;:&quot;&quot;,&quot;bottom&quot;:&quot;&quot;,&quot;left&quot;:&quot;&quot;,&quot;isLinked&quot;:true},&quot;image_border_radius_mobile&quot;:{&quot;unit&quot;:&quot;px&quot;,&quot;top&quot;:&quot;&quot;,&quot;right&quot;:&quot;&quot;,&quot;bottom&quot;:&quot;&quot;,&quot;left&quot;:&quot;&quot;,&quot;isLinked&quot;:true},&quot;caption_padding&quot;:{&quot;unit&quot;:&quot;px&quot;,&quot;top&quot;:&quot;&quot;,&quot;right&quot;:&quot;&quot;,&quot;bottom&quot;:&quot;&quot;,&quot;left&quot;:&quot;&quot;,&quot;isLinked&quot;:true},&quot;caption_padding_tablet&quot;:{&quot;unit&quot;:&quot;px&quot;,&quot;top&quot;:&quot;&quot;,&quot;right&quot;:&quot;&quot;,&quot;bottom&quot;:&quot;&quot;,&quot;left&quot;:&quot;&quot;,&quot;isLinked&quot;:true},&quot;caption_padding_mobile&quot;:{&quot;unit&quot;:&quot;px&quot;,&quot;top&quot;:&quot;&quot;,&quot;right&quot;:&quot;&quot;,&quot;bottom&quot;:&quot;&quot;,&quot;left&quot;:&quot;&quot;,&quot;isLinked&quot;:true},&quot;caption_space&quot;:{&quot;unit&quot;:&quot;px&quot;,&quot;size&quot;:0,&quot;sizes&quot;:[]},&quot;caption_space_tablet&quot;:{&quot;unit&quot;:&quot;px&quot;,&quot;size&quot;:&quot;&quot;,&quot;sizes&quot;:[]},&quot;caption_space_mobile&quot;:{&quot;unit&quot;:&quot;px&quot;,&quot;size&quot;:&quot;&quot;,&quot;sizes&quot;:[]}}\" data-widget_type=\"site-logo.default\">\n\t\t\t\t<div class=\"elementor-widget-container\">\n\t\t\t\t\t\t\t<div class=\"hfe-site-logo\">\n\t\t\t\t\t\t\t\t\t\t\t\t\t<a data-elementor-open-lightbox=\"\"  class='elementor-clickable' href=\"https:\/\/www.eisstrahler.at\">\n\t\t\t\t\t\t\t<div class=\"hfe-site-logo-set\">           \n\t\t\t\t<div class=\"hfe-site-logo-container\">\n\t\t\t\t\t\t\t\t\t<img decoding=\"async\" class=\"hfe-site-logo-img elementor-animation-\"  src=\"https:\/\/www.eisstrahler.at\/wp-content\/uploads\/2026\/02\/LiquidBlast_Final_Header_page.png\" alt=\"LiquidBlast_Final_Header_page\"\/>\n\t\t\t\t<\/div>\n\t\t\t<\/div>\n\t\t\t\t\t\t\t<\/a>\n\t\t\t\t\t\t<\/div>  \n\t\t\t\t\t\t\t<\/div>\n\t\t\t\t<\/div>\n\t\t\t\t<div class=\"elementor-element elementor-element-1e15993 elementor-widget elementor-widget-heading\" data-id=\"1e15993\" data-element_type=\"widget\" data-e-type=\"widget\" data-widget_type=\"heading.default\">\n\t\t\t\t\t<h5 class=\"elementor-heading-title elementor-size-default\">Die sanfte Revolution der Oberfl\u00e4chenveredelung<\/h5>\t\t\t\t<\/div>\n\t\t\t\t\t<\/div>\n\t\t\t\t<\/div>\n\t\t\t\t\t<\/div>\n\t\t\t\t<\/div>\n\t\t<div class=\"elementor-element elementor-element-8be1e99 e-flex e-con-boxed e-con e-parent\" data-id=\"8be1e99\" data-element_type=\"container\" data-e-type=\"container\" data-settings=\"{&quot;background_background&quot;:&quot;classic&quot;}\">\n\t\t\t\t\t<div class=\"e-con-inner\">\n\t\t\t\t<div class=\"elementor-element elementor-element-cd412da elementor-pagination-position-inside elementor-arrows-position-outside elementor-invisible elementor-widget elementor-widget-image-carousel\" data-id=\"cd412da\" data-element_type=\"widget\" data-e-type=\"widget\" data-settings=\"{&quot;slides_to_show&quot;:&quot;4&quot;,&quot;slides_to_scroll&quot;:&quot;1&quot;,&quot;autoplay_speed&quot;:3000,&quot;_animation&quot;:&quot;fadeIn&quot;,&quot;speed&quot;:700,&quot;navigation&quot;:&quot;both&quot;,&quot;autoplay&quot;:&quot;yes&quot;,&quot;pause_on_hover&quot;:&quot;yes&quot;,&quot;pause_on_interaction&quot;:&quot;yes&quot;,&quot;infinite&quot;:&quot;yes&quot;,&quot;image_spacing_custom&quot;:{&quot;unit&quot;:&quot;px&quot;,&quot;size&quot;:20,&quot;sizes&quot;:[]},&quot;image_spacing_custom_tablet&quot;:{&quot;unit&quot;:&quot;px&quot;,&quot;size&quot;:&quot;&quot;,&quot;sizes&quot;:[]},&quot;image_spacing_custom_mobile&quot;:{&quot;unit&quot;:&quot;px&quot;,&quot;size&quot;:&quot;&quot;,&quot;sizes&quot;:[]}}\" data-widget_type=\"image-carousel.default\">\n\t\t\t\t\t\t\t<div class=\"elementor-image-carousel-wrapper swiper\" role=\"region\" aria-roledescription=\"carousel\" aria-label=\"Image Carousel eis\" dir=\"ltr\">\n\t\t\t<div class=\"elementor-image-carousel swiper-wrapper\" aria-live=\"off\">\n\t\t\t\t\t\t\t\t<div class=\"swiper-slide\" role=\"group\" aria-roledescription=\"slide\" aria-label=\"1 of 8\"><figure class=\"swiper-slide-inner\"><img decoding=\"async\" class=\"swiper-slide-image\" src=\"https:\/\/www.eisstrahler.at\/wp-content\/uploads\/2026\/02\/IMG_20180102_114207.jpg\" alt=\"Getriebe T3\" \/><\/figure><\/div><div class=\"swiper-slide\" role=\"group\" aria-roledescription=\"slide\" aria-label=\"2 of 8\"><figure class=\"swiper-slide-inner\"><img decoding=\"async\" class=\"swiper-slide-image\" src=\"https:\/\/www.eisstrahler.at\/wp-content\/uploads\/2026\/02\/IMG_20180103_181944.jpg\" alt=\"Getriebe T3\" \/><\/figure><\/div><div class=\"swiper-slide\" role=\"group\" aria-roledescription=\"slide\" aria-label=\"3 of 8\"><figure class=\"swiper-slide-inner\"><img decoding=\"async\" class=\"swiper-slide-image\" src=\"https:\/\/www.eisstrahler.at\/wp-content\/uploads\/2026\/02\/IMG_20180105_133244.jpg\" alt=\"Porsche 959\" \/><\/figure><\/div><div class=\"swiper-slide\" role=\"group\" aria-roledescription=\"slide\" aria-label=\"4 of 8\"><figure class=\"swiper-slide-inner\"><img decoding=\"async\" class=\"swiper-slide-image\" src=\"https:\/\/www.eisstrahler.at\/wp-content\/uploads\/2026\/02\/IMG_20180105_141300.jpg\" alt=\"Porsche 959\" \/><\/figure><\/div><div class=\"swiper-slide\" role=\"group\" aria-roledescription=\"slide\" aria-label=\"5 of 8\"><figure class=\"swiper-slide-inner\"><img decoding=\"async\" class=\"swiper-slide-image\" src=\"https:\/\/www.eisstrahler.at\/wp-content\/uploads\/2026\/02\/IMG_20180108_143649.jpg\" alt=\"Ofent\u00fcre\" \/><\/figure><\/div><div class=\"swiper-slide\" role=\"group\" aria-roledescription=\"slide\" aria-label=\"6 of 8\"><figure class=\"swiper-slide-inner\"><img decoding=\"async\" class=\"swiper-slide-image\" src=\"https:\/\/www.eisstrahler.at\/wp-content\/uploads\/2026\/02\/IMG_20180109_173149.jpg\" alt=\"Ofent\u00fcre\" \/><\/figure><\/div><div class=\"swiper-slide\" role=\"group\" aria-roledescription=\"slide\" aria-label=\"7 of 8\"><figure class=\"swiper-slide-inner\"><img decoding=\"async\" class=\"swiper-slide-image\" src=\"https:\/\/www.eisstrahler.at\/wp-content\/uploads\/2026\/02\/IMG_20180102_114200.jpg\" alt=\"Porsche 959\" \/><\/figure><\/div><div class=\"swiper-slide\" role=\"group\" aria-roledescription=\"slide\" aria-label=\"8 of 8\"><figure class=\"swiper-slide-inner\"><img decoding=\"async\" class=\"swiper-slide-image\" src=\"https:\/\/www.eisstrahler.at\/wp-content\/uploads\/2026\/02\/IMG_20180104_200051.jpg\" alt=\"Porsche 959\" \/><\/figure><\/div>\t\t\t<\/div>\n\t\t\t\t\t\t\t\t\t\t\t\t<div class=\"elementor-swiper-button elementor-swiper-button-prev\" role=\"button\" tabindex=\"0\">\n\t\t\t\t\t\t<svg aria-hidden=\"true\" class=\"e-font-icon-svg e-eicon-chevron-left\" viewBox=\"0 0 1000 1000\" xmlns=\"http:\/\/www.w3.org\/2000\/svg\"><path d=\"M646 125C629 125 613 133 604 142L308 442C296 454 292 471 292 487 292 504 296 521 308 533L604 854C617 867 629 875 646 875 663 875 679 871 692 858 704 846 713 829 713 812 713 796 708 779 692 767L438 487 692 225C700 217 708 204 708 187 708 171 704 154 692 142 675 129 663 125 646 125Z\"><\/path><\/svg>\t\t\t\t\t<\/div>\n\t\t\t\t\t<div class=\"elementor-swiper-button elementor-swiper-button-next\" role=\"button\" tabindex=\"0\">\n\t\t\t\t\t\t<svg aria-hidden=\"true\" class=\"e-font-icon-svg e-eicon-chevron-right\" viewBox=\"0 0 1000 1000\" xmlns=\"http:\/\/www.w3.org\/2000\/svg\"><path d=\"M696 533C708 521 713 504 713 487 713 471 708 454 696 446L400 146C388 133 375 125 354 125 338 125 325 129 313 142 300 154 292 171 292 187 292 204 296 221 308 233L563 492 304 771C292 783 288 800 288 817 288 833 296 850 308 863 321 871 338 875 354 875 371 875 388 867 400 854L696 533Z\"><\/path><\/svg>\t\t\t\t\t<\/div>\n\t\t\t\t\n\t\t\t\t\t\t\t\t\t<div class=\"swiper-pagination\"><\/div>\n\t\t\t\t\t\t\t\t\t<\/div>\n\t\t\t\t\t\t<\/div>\n\t\t\t\t\t<\/div>\n\t\t\t\t<\/div>\n\t\t<div class=\"elementor-element elementor-element-1cab2c0 e-flex e-con-boxed e-con e-parent\" data-id=\"1cab2c0\" data-element_type=\"container\" data-e-type=\"container\" data-settings=\"{&quot;background_background&quot;:&quot;classic&quot;}\">\n\t\t\t\t\t<div class=\"e-con-inner\">\n\t\t\t\t<div class=\"elementor-element elementor-element-1c255bd elementor-align-center elementor-widget elementor-widget-button\" data-id=\"1c255bd\" data-element_type=\"widget\" data-e-type=\"widget\" data-widget_type=\"button.default\">\n\t\t\t\t\t\t\t\t\t\t<a class=\"elementor-button elementor-button-link elementor-size-sm\" href=\"https:\/\/www.eisstrahler.at\/index.php\/galerie-liquidblast\/\">\n\t\t\t\t\t\t<span class=\"elementor-button-content-wrapper\">\n\t\t\t\t\t\t\t\t\t<span class=\"elementor-button-text\">Galerie LIQUID BLAST<\/span>\n\t\t\t\t\t<\/span>\n\t\t\t\t\t<\/a>\n\t\t\t\t\t\t\t\t<\/div>\n\t\t\t\t\t<\/div>\n\t\t\t\t<\/div>\n\t\t<div class=\"elementor-element elementor-element-35e942a e-flex e-con-boxed e-con e-parent\" data-id=\"35e942a\" data-element_type=\"container\" data-e-type=\"container\" data-settings=\"{&quot;background_background&quot;:&quot;classic&quot;}\">\n\t\t\t\t\t<div class=\"e-con-inner\">\n\t\t\t\t<div class=\"elementor-element elementor-element-92f0e70 elementor-widget elementor-widget-text-editor\" data-id=\"92f0e70\" data-element_type=\"widget\" data-e-type=\"widget\" data-widget_type=\"text-editor.default\">\n\t\t\t\t\t\t\t\t\t<h4 class=\"ng-star-inserted\"><strong class=\"ng-star-inserted\"><span class=\"ng-star-inserted\">Was ist LIQUID BLAST?<\/span><\/strong><\/h4><p class=\"ng-star-inserted\"><span class=\"ng-star-inserted\">Hinter unserem Markennamen <\/span><strong class=\"ng-star-inserted\"><span class=\"ng-star-inserted\">LIQUID BLAST<\/span><\/strong><span class=\"ng-star-inserted\">\u00a0verbirgt sich das sogenannte Nassstrahlverfahren (oder Vapor Blasting). Es ist die \u201eK\u00f6nigsdisziplin\u201c bei der Restaurierung von Metallbauteilen. W\u00e4hrend herk\u00f6mmliche Strahlverfahren rein mechanisch auf Oberfl\u00e4chen einschlagen, nutzt LIQUID BLAST eine Mischung aus Wasser, feinstem Strahlmittel und Druckluft, um Oberfl\u00e4chen nicht nur zu reinigen, sondern zu veredeln.<\/span><\/p><p>\u00a0<\/p><h4 class=\"ng-star-inserted\"><strong><span class=\"ng-star-inserted\">Wie funktioniert LIQUID BLAST?<\/span><\/strong><\/h4><p class=\"ng-star-inserted\"><span class=\"ng-star-inserted\">Der entscheidende Unterschied zum trockenen Sandstrahlen ist der\u00a0<\/span><strong class=\"ng-star-inserted\"><span class=\"ng-star-inserted\">Wasseranteil<\/span><\/strong><span class=\"ng-star-inserted\">:<\/span><\/p><ol class=\"ng-star-inserted\"><li class=\"ng-star-inserted\"><p class=\"ng-star-inserted\"><strong class=\"ng-star-inserted\"><span class=\"ng-star-inserted\">Der Schutzeffekt:<\/span><\/strong><span class=\"ng-star-inserted\">\u00a0Das Wasser wirkt wie ein Schmiermittel und Polster zwischen dem Strahlmittel und dem Werkst\u00fcck. Dadurch wird die Oberfl\u00e4che nicht aufgeraut, sondern sanft gereinigt.<\/span><\/p><\/li><li class=\"ng-star-inserted\"><p class=\"ng-star-inserted\"><strong class=\"ng-star-inserted\"><span class=\"ng-star-inserted\">Der Sp\u00fcleffekt:<\/span><\/strong><span class=\"ng-star-inserted\">\u00a0W\u00e4hrend der Reinigung w\u00e4scht das Wasser gel\u00f6sten Schmutz, Fett und Oxyde sofort weg. Das Ergebnis ist eine extrem gleichm\u00e4\u00dfige, porentiefe Reinheit.<\/span><\/p><\/li><li class=\"ng-star-inserted\"><p class=\"ng-star-inserted\"><strong class=\"ng-star-inserted\"><span class=\"ng-star-inserted\">Das Oberfl\u00e4chen-Finish:<\/span><\/strong><span class=\"ng-star-inserted\">\u00a0Durch den Aufprall der feinen Perlen im Wasserstrom wird die Oberfl\u00e4che leicht verdichtet (Peening-Effekt). Das Metall erh\u00e4lt einen wundersch\u00f6nen, seidenmatten Glanz, der deutlich weniger anf\u00e4llig f\u00fcr neue Verschmutzungen oder Fingerabdr\u00fccke ist.<\/span><\/p><\/li><\/ol><h4 class=\"ng-star-inserted\"><strong><span class=\"ng-star-inserted\">Warum LIQUID BLAST w\u00e4hlen? (Ihre Vorteile)<\/span><\/strong><\/h4><ul class=\"ng-star-inserted\"><li class=\"ng-star-inserted\"><p class=\"ng-star-inserted\"><strong class=\"ng-star-inserted\"><span class=\"ng-star-inserted\">Keine Dimensions\u00e4nderung:<\/span><\/strong><span class=\"ng-star-inserted\">\u00a0Es wird kein Material abgetragen. Passungen, Gewinde und feine Pr\u00e4zisionsmarkierungen bleiben zu 100 % erhalten \u2013 ideal f\u00fcr komplexe Bauteile wie die im Video gezeigte\u00a0<\/span><strong class=\"ng-star-inserted\"><span class=\"ng-star-inserted\">Doppelvergaseranlage<\/span><\/strong><span class=\"ng-star-inserted\">.<\/span><\/p><\/li><li class=\"ng-star-inserted\"><p class=\"ng-star-inserted\"><strong class=\"ng-star-inserted\"><span class=\"ng-star-inserted\">Staubfreie Bearbeitung:<\/span><\/strong><span class=\"ng-star-inserted\">\u00a0Da das Strahlmittel im Wasser gebunden ist, entsteht kein gesundheitssch\u00e4dlicher Staub.<\/span><\/p><\/li><li class=\"ng-star-inserted\"><p class=\"ng-star-inserted\"><strong class=\"ng-star-inserted\"><span class=\"ng-star-inserted\">Herausragende Optik:<\/span><\/strong><span class=\"ng-star-inserted\">\u00a0Bauteile aus Aluminium, Magnesium, Kupfer oder Messing sehen nach der Behandlung nicht nur sauber aus, sondern wirken wie frisch aus der Gie\u00dferei.<\/span><\/p><\/li><li class=\"ng-star-inserted\"><p class=\"ng-star-inserted\"><strong class=\"ng-star-inserted\"><span class=\"ng-star-inserted\">Chemiefrei:<\/span><\/strong><span class=\"ng-star-inserted\">\u00a0Wir reinigen rein physikalisch. Es bleiben keine aggressiven R\u00fcckst\u00e4nde in den Kan\u00e4len von Vergasern oder Motoren zur\u00fcck.<\/span><\/p><\/li><\/ul><h4 class=\"ng-star-inserted\"><strong><span class=\"ng-star-inserted\">Perfekt geeignet f\u00fcr:<\/span><\/strong><\/h4><ul class=\"ng-star-inserted\"><li class=\"ng-star-inserted\"><p class=\"ng-star-inserted\"><strong class=\"ng-star-inserted\"><span class=\"ng-star-inserted\">Oldtimer- &amp; Motorradrestaurierung:<\/span><\/strong><span class=\"ng-star-inserted\">\u00a0Motorengeh\u00e4use, Zylinderk\u00f6pfe, Vergaser, Bremss\u00e4ttel.<\/span><\/p><\/li><li class=\"ng-star-inserted\"><p class=\"ng-star-inserted\"><strong class=\"ng-star-inserted\"><span class=\"ng-star-inserted\">Industrie-Prototypen:<\/span><\/strong><span class=\"ng-star-inserted\">\u00a0Reinigung von Gussteilen und Werkzeugen.<\/span><\/p><\/li><li class=\"ng-star-inserted\"><p class=\"ng-star-inserted\"><strong class=\"ng-star-inserted\"><span class=\"ng-star-inserted\">Architektur &amp; Design:<\/span><\/strong><span class=\"ng-star-inserted\">\u00a0Veredelung von hochwertigen Metalloberfl\u00e4chen.<\/span><\/p><\/li><\/ul>\t\t\t\t\t\t\t\t<\/div>\n\t\t\t\t\t<\/div>\n\t\t\t\t<\/div>\n\t\t\t\t<\/div>\n\t\t","protected":false},"excerpt":{"rendered":"<p>Die sanfte Revolution der Oberfl\u00e4chenveredelung Galerie LIQUID BLAST Was ist LIQUID BLAST? Hinter unserem Markennamen LIQUID BLAST\u00a0verbirgt sich das sogenannte Nassstrahlverfahren (oder Vapor Blasting). Es ist die \u201eK\u00f6nigsdisziplin\u201c bei der Restaurierung von Metallbauteilen. W\u00e4hrend herk\u00f6mmliche Strahlverfahren rein mechanisch auf Oberfl\u00e4chen einschlagen, nutzt LIQUID BLAST eine Mischung aus Wasser, feinstem Strahlmittel und Druckluft, um Oberfl\u00e4chen nicht [&hellip;]<\/p>\n","protected":false},"author":1,"featured_media":0,"parent":0,"menu_order":0,"comment_status":"closed","ping_status":"closed","template":"elementor_header_footer","meta":{"footnotes":""},"class_list":["post-36","page","type-page","status-publish","hentry"],"_links":{"self":[{"href":"https:\/\/www.eisstrahler.at\/index.php\/wp-json\/wp\/v2\/pages\/36","targetHints":{"allow":["GET"]}}],"collection":[{"href":"https:\/\/www.eisstrahler.at\/index.php\/wp-json\/wp\/v2\/pages"}],"about":[{"href":"https:\/\/www.eisstrahler.at\/index.php\/wp-json\/wp\/v2\/types\/page"}],"author":[{"embeddable":true,"href":"https:\/\/www.eisstrahler.at\/index.php\/wp-json\/wp\/v2\/users\/1"}],"replies":[{"embeddable":true,"href":"https:\/\/www.eisstrahler.at\/index.php\/wp-json\/wp\/v2\/comments?post=36"}],"version-history":[{"count":3,"href":"https:\/\/www.eisstrahler.at\/index.php\/wp-json\/wp\/v2\/pages\/36\/revisions"}],"predecessor-version":[{"id":2030,"href":"https:\/\/www.eisstrahler.at\/index.php\/wp-json\/wp\/v2\/pages\/36\/revisions\/2030"}],"wp:attachment":[{"href":"https:\/\/www.eisstrahler.at\/index.php\/wp-json\/wp\/v2\/media?parent=36"}],"curies":[{"name":"wp","href":"https:\/\/api.w.org\/{rel}","templated":true}]}}