{"id":34,"date":"2026-02-08T18:57:22","date_gmt":"2026-02-08T17:57:22","guid":{"rendered":"http:\/\/localhost\/wordpress\/?page_id=34"},"modified":"2026-02-27T23:55:50","modified_gmt":"2026-02-27T22:55:50","slug":"eisstrahler","status":"publish","type":"page","link":"https:\/\/www.eisstrahler.at\/index.php\/eisstrahler\/","title":{"rendered":"EisStrahler"},"content":{"rendered":"\t\t<div data-elementor-type=\"wp-page\" data-elementor-id=\"34\" class=\"elementor elementor-34\">\n\t\t\t\t<div class=\"elementor-element elementor-element-3d15b11 e-flex e-con-boxed e-con e-parent\" data-id=\"3d15b11\" data-element_type=\"container\" data-e-type=\"container\" data-settings=\"{&quot;background_background&quot;:&quot;classic&quot;}\">\n\t\t\t\t\t<div class=\"e-con-inner\">\n\t\t<div class=\"elementor-element elementor-element-92c0ddc e-flex e-con-boxed e-con e-child\" data-id=\"92c0ddc\" data-element_type=\"container\" data-e-type=\"container\">\n\t\t\t\t\t<div class=\"e-con-inner\">\n\t\t\t\t<div class=\"elementor-element elementor-element-976b768 elementor-widget__width-initial elementor-widget-mobile__width-initial elementor-widget elementor-widget-site-logo\" data-id=\"976b768\" data-element_type=\"widget\" data-e-type=\"widget\" data-settings=\"{&quot;align_mobile&quot;:&quot;left&quot;,&quot;width&quot;:{&quot;unit&quot;:&quot;%&quot;,&quot;size&quot;:91,&quot;sizes&quot;:[]},&quot;align&quot;:&quot;center&quot;,&quot;width_tablet&quot;:{&quot;unit&quot;:&quot;%&quot;,&quot;size&quot;:&quot;&quot;,&quot;sizes&quot;:[]},&quot;width_mobile&quot;:{&quot;unit&quot;:&quot;%&quot;,&quot;size&quot;:&quot;&quot;,&quot;sizes&quot;:[]},&quot;space&quot;:{&quot;unit&quot;:&quot;%&quot;,&quot;size&quot;:&quot;&quot;,&quot;sizes&quot;:[]},&quot;space_tablet&quot;:{&quot;unit&quot;:&quot;%&quot;,&quot;size&quot;:&quot;&quot;,&quot;sizes&quot;:[]},&quot;space_mobile&quot;:{&quot;unit&quot;:&quot;%&quot;,&quot;size&quot;:&quot;&quot;,&quot;sizes&quot;:[]},&quot;image_border_radius&quot;:{&quot;unit&quot;:&quot;px&quot;,&quot;top&quot;:&quot;&quot;,&quot;right&quot;:&quot;&quot;,&quot;bottom&quot;:&quot;&quot;,&quot;left&quot;:&quot;&quot;,&quot;isLinked&quot;:true},&quot;image_border_radius_tablet&quot;:{&quot;unit&quot;:&quot;px&quot;,&quot;top&quot;:&quot;&quot;,&quot;right&quot;:&quot;&quot;,&quot;bottom&quot;:&quot;&quot;,&quot;left&quot;:&quot;&quot;,&quot;isLinked&quot;:true},&quot;image_border_radius_mobile&quot;:{&quot;unit&quot;:&quot;px&quot;,&quot;top&quot;:&quot;&quot;,&quot;right&quot;:&quot;&quot;,&quot;bottom&quot;:&quot;&quot;,&quot;left&quot;:&quot;&quot;,&quot;isLinked&quot;:true},&quot;caption_padding&quot;:{&quot;unit&quot;:&quot;px&quot;,&quot;top&quot;:&quot;&quot;,&quot;right&quot;:&quot;&quot;,&quot;bottom&quot;:&quot;&quot;,&quot;left&quot;:&quot;&quot;,&quot;isLinked&quot;:true},&quot;caption_padding_tablet&quot;:{&quot;unit&quot;:&quot;px&quot;,&quot;top&quot;:&quot;&quot;,&quot;right&quot;:&quot;&quot;,&quot;bottom&quot;:&quot;&quot;,&quot;left&quot;:&quot;&quot;,&quot;isLinked&quot;:true},&quot;caption_padding_mobile&quot;:{&quot;unit&quot;:&quot;px&quot;,&quot;top&quot;:&quot;&quot;,&quot;right&quot;:&quot;&quot;,&quot;bottom&quot;:&quot;&quot;,&quot;left&quot;:&quot;&quot;,&quot;isLinked&quot;:true},&quot;caption_space&quot;:{&quot;unit&quot;:&quot;px&quot;,&quot;size&quot;:0,&quot;sizes&quot;:[]},&quot;caption_space_tablet&quot;:{&quot;unit&quot;:&quot;px&quot;,&quot;size&quot;:&quot;&quot;,&quot;sizes&quot;:[]},&quot;caption_space_mobile&quot;:{&quot;unit&quot;:&quot;px&quot;,&quot;size&quot;:&quot;&quot;,&quot;sizes&quot;:[]}}\" data-widget_type=\"site-logo.default\">\n\t\t\t\t<div class=\"elementor-widget-container\">\n\t\t\t\t\t\t\t<div class=\"hfe-site-logo\">\n\t\t\t\t\t\t\t\t\t\t\t\t\t<a data-elementor-open-lightbox=\"\"  class='elementor-clickable' href=\"https:\/\/www.eisstrahler.at\">\n\t\t\t\t\t\t\t<div class=\"hfe-site-logo-set\">           \n\t\t\t\t<div class=\"hfe-site-logo-container\">\n\t\t\t\t\t\t\t\t\t<img decoding=\"async\" class=\"hfe-site-logo-img elementor-animation-\"  src=\"https:\/\/www.eisstrahler.at\/wp-content\/uploads\/2026\/02\/LOGO_Eistrahler_color_Fuellung_NEU_2026_177x32px.png\" alt=\"LOGO_Eistrahler_color_F\u00fcllung_NEU_2026_177x32px\"\/>\n\t\t\t\t<\/div>\n\t\t\t<\/div>\n\t\t\t\t\t\t\t<\/a>\n\t\t\t\t\t\t<\/div>  \n\t\t\t\t\t\t\t<\/div>\n\t\t\t\t<\/div>\n\t\t\t\t<div class=\"elementor-element elementor-element-46ae465 elementor-widget elementor-widget-heading\" data-id=\"46ae465\" data-element_type=\"widget\" data-e-type=\"widget\" data-widget_type=\"heading.default\">\n\t\t\t\t\t<h5 class=\"elementor-heading-title elementor-size-default\">Die r\u00fcckstandslose Revolution der Reinigung<\/h5>\t\t\t\t<\/div>\n\t\t\t\t\t<\/div>\n\t\t\t\t<\/div>\n\t\t\t\t\t<\/div>\n\t\t\t\t<\/div>\n\t\t<div class=\"elementor-element elementor-element-248f35f e-flex e-con-boxed e-con e-parent\" data-id=\"248f35f\" data-element_type=\"container\" data-e-type=\"container\" data-settings=\"{&quot;background_background&quot;:&quot;classic&quot;}\">\n\t\t\t\t\t<div class=\"e-con-inner\">\n\t\t\t\t<div class=\"elementor-element elementor-element-2b52f6c elementor-pagination-position-inside elementor-arrows-position-outside elementor-invisible elementor-widget elementor-widget-image-carousel\" data-id=\"2b52f6c\" data-element_type=\"widget\" data-e-type=\"widget\" data-settings=\"{&quot;slides_to_show&quot;:&quot;4&quot;,&quot;slides_to_scroll&quot;:&quot;1&quot;,&quot;autoplay_speed&quot;:3000,&quot;_animation&quot;:&quot;fadeIn&quot;,&quot;speed&quot;:700,&quot;navigation&quot;:&quot;both&quot;,&quot;autoplay&quot;:&quot;yes&quot;,&quot;pause_on_hover&quot;:&quot;yes&quot;,&quot;pause_on_interaction&quot;:&quot;yes&quot;,&quot;infinite&quot;:&quot;yes&quot;,&quot;image_spacing_custom&quot;:{&quot;unit&quot;:&quot;px&quot;,&quot;size&quot;:20,&quot;sizes&quot;:[]},&quot;image_spacing_custom_tablet&quot;:{&quot;unit&quot;:&quot;px&quot;,&quot;size&quot;:&quot;&quot;,&quot;sizes&quot;:[]},&quot;image_spacing_custom_mobile&quot;:{&quot;unit&quot;:&quot;px&quot;,&quot;size&quot;:&quot;&quot;,&quot;sizes&quot;:[]}}\" data-widget_type=\"image-carousel.default\">\n\t\t\t\t\t\t\t<div class=\"elementor-image-carousel-wrapper swiper\" role=\"region\" aria-roledescription=\"carousel\" aria-label=\"Image Carousel eis\" dir=\"ltr\">\n\t\t\t<div class=\"elementor-image-carousel swiper-wrapper\" aria-live=\"off\">\n\t\t\t\t\t\t\t\t<div class=\"swiper-slide\" role=\"group\" aria-roledescription=\"slide\" aria-label=\"1 of 14\"><figure class=\"swiper-slide-inner\"><img decoding=\"async\" class=\"swiper-slide-image\" src=\"https:\/\/www.eisstrahler.at\/wp-content\/uploads\/2026\/02\/IMG_8394.jpg\" alt=\"VW K\u00e4fer Motor\" \/><\/figure><\/div><div class=\"swiper-slide\" role=\"group\" aria-roledescription=\"slide\" aria-label=\"2 of 14\"><figure class=\"swiper-slide-inner\"><img decoding=\"async\" class=\"swiper-slide-image\" src=\"https:\/\/www.eisstrahler.at\/wp-content\/uploads\/2026\/02\/IMG_8395-1.jpg\" alt=\"VW K\u00e4fer Motor\" \/><\/figure><\/div><div class=\"swiper-slide\" role=\"group\" aria-roledescription=\"slide\" aria-label=\"3 of 14\"><figure class=\"swiper-slide-inner\"><img decoding=\"async\" class=\"swiper-slide-image\" src=\"https:\/\/www.eisstrahler.at\/wp-content\/uploads\/2026\/02\/IMG_8396-1.jpg\" alt=\"VW K\u00e4fer Motor\" \/><\/figure><\/div><div class=\"swiper-slide\" role=\"group\" aria-roledescription=\"slide\" aria-label=\"4 of 14\"><figure class=\"swiper-slide-inner\"><img decoding=\"async\" class=\"swiper-slide-image\" src=\"https:\/\/www.eisstrahler.at\/wp-content\/uploads\/2026\/02\/IMG_8397-1.jpg\" alt=\"VW K\u00e4fer Motor\" \/><\/figure><\/div><div class=\"swiper-slide\" role=\"group\" aria-roledescription=\"slide\" aria-label=\"5 of 14\"><figure class=\"swiper-slide-inner\"><img decoding=\"async\" class=\"swiper-slide-image\" src=\"https:\/\/www.eisstrahler.at\/wp-content\/uploads\/2026\/02\/IMG_8398-1.jpg\" alt=\"VW K\u00e4fer Motor\" \/><\/figure><\/div><div class=\"swiper-slide\" role=\"group\" aria-roledescription=\"slide\" aria-label=\"6 of 14\"><figure class=\"swiper-slide-inner\"><img decoding=\"async\" class=\"swiper-slide-image\" src=\"https:\/\/www.eisstrahler.at\/wp-content\/uploads\/2026\/02\/IMG_8399.jpg\" alt=\"VW K\u00e4fer Motor\" \/><\/figure><\/div><div class=\"swiper-slide\" role=\"group\" aria-roledescription=\"slide\" aria-label=\"7 of 14\"><figure class=\"swiper-slide-inner\"><img decoding=\"async\" class=\"swiper-slide-image\" src=\"https:\/\/www.eisstrahler.at\/wp-content\/uploads\/2026\/02\/IMG_8328-1.jpg\" alt=\"VW K\u00e4fer Motor\" \/><\/figure><\/div><div class=\"swiper-slide\" role=\"group\" aria-roledescription=\"slide\" aria-label=\"8 of 14\"><figure class=\"swiper-slide-inner\"><img decoding=\"async\" class=\"swiper-slide-image\" src=\"https:\/\/www.eisstrahler.at\/wp-content\/uploads\/2026\/02\/IMG_8329-1.jpg\" alt=\"VW K\u00e4fer Motor\" \/><\/figure><\/div><div class=\"swiper-slide\" role=\"group\" aria-roledescription=\"slide\" aria-label=\"9 of 14\"><figure class=\"swiper-slide-inner\"><img decoding=\"async\" class=\"swiper-slide-image\" src=\"https:\/\/www.eisstrahler.at\/wp-content\/uploads\/2026\/02\/IMG_8330.jpg\" alt=\"VW K\u00e4fer Motor\" \/><\/figure><\/div><div class=\"swiper-slide\" role=\"group\" aria-roledescription=\"slide\" aria-label=\"10 of 14\"><figure class=\"swiper-slide-inner\"><img decoding=\"async\" class=\"swiper-slide-image\" src=\"https:\/\/www.eisstrahler.at\/wp-content\/uploads\/2026\/02\/IMG_8331.jpg\" alt=\"VW K\u00e4fer Motor\" \/><\/figure><\/div><div class=\"swiper-slide\" role=\"group\" aria-roledescription=\"slide\" aria-label=\"11 of 14\"><figure class=\"swiper-slide-inner\"><img decoding=\"async\" class=\"swiper-slide-image\" src=\"https:\/\/www.eisstrahler.at\/wp-content\/uploads\/2026\/02\/IMG_8333.jpg\" alt=\"VW K\u00e4fer Motor\" \/><\/figure><\/div><div class=\"swiper-slide\" role=\"group\" aria-roledescription=\"slide\" aria-label=\"12 of 14\"><figure class=\"swiper-slide-inner\"><img decoding=\"async\" class=\"swiper-slide-image\" src=\"https:\/\/www.eisstrahler.at\/wp-content\/uploads\/2026\/02\/IMG_8336-1.jpg\" alt=\"VW K\u00e4fer Motor\" \/><\/figure><\/div><div class=\"swiper-slide\" role=\"group\" aria-roledescription=\"slide\" aria-label=\"13 of 14\"><figure class=\"swiper-slide-inner\"><img decoding=\"async\" class=\"swiper-slide-image\" src=\"https:\/\/www.eisstrahler.at\/wp-content\/uploads\/2026\/02\/IMG_8342.jpg\" alt=\"VW K\u00e4fer Motor\" \/><\/figure><\/div><div class=\"swiper-slide\" role=\"group\" aria-roledescription=\"slide\" aria-label=\"14 of 14\"><figure class=\"swiper-slide-inner\"><img decoding=\"async\" class=\"swiper-slide-image\" src=\"https:\/\/www.eisstrahler.at\/wp-content\/uploads\/2026\/02\/IMG_8393.jpg\" alt=\"VW K\u00e4fer Motor\" \/><\/figure><\/div>\t\t\t<\/div>\n\t\t\t\t\t\t\t\t\t\t\t\t<div class=\"elementor-swiper-button elementor-swiper-button-prev\" role=\"button\" tabindex=\"0\">\n\t\t\t\t\t\t<svg aria-hidden=\"true\" class=\"e-font-icon-svg e-eicon-chevron-left\" viewBox=\"0 0 1000 1000\" xmlns=\"http:\/\/www.w3.org\/2000\/svg\"><path d=\"M646 125C629 125 613 133 604 142L308 442C296 454 292 471 292 487 292 504 296 521 308 533L604 854C617 867 629 875 646 875 663 875 679 871 692 858 704 846 713 829 713 812 713 796 708 779 692 767L438 487 692 225C700 217 708 204 708 187 708 171 704 154 692 142 675 129 663 125 646 125Z\"><\/path><\/svg>\t\t\t\t\t<\/div>\n\t\t\t\t\t<div class=\"elementor-swiper-button elementor-swiper-button-next\" role=\"button\" tabindex=\"0\">\n\t\t\t\t\t\t<svg aria-hidden=\"true\" class=\"e-font-icon-svg e-eicon-chevron-right\" viewBox=\"0 0 1000 1000\" xmlns=\"http:\/\/www.w3.org\/2000\/svg\"><path d=\"M696 533C708 521 713 504 713 487 713 471 708 454 696 446L400 146C388 133 375 125 354 125 338 125 325 129 313 142 300 154 292 171 292 187 292 204 296 221 308 233L563 492 304 771C292 783 288 800 288 817 288 833 296 850 308 863 321 871 338 875 354 875 371 875 388 867 400 854L696 533Z\"><\/path><\/svg>\t\t\t\t\t<\/div>\n\t\t\t\t\n\t\t\t\t\t\t\t\t\t<div class=\"swiper-pagination\"><\/div>\n\t\t\t\t\t\t\t\t\t<\/div>\n\t\t\t\t\t\t<\/div>\n\t\t\t\t\t<\/div>\n\t\t\t\t<\/div>\n\t\t<div class=\"elementor-element elementor-element-53ff9dc e-flex e-con-boxed e-con e-parent\" data-id=\"53ff9dc\" data-element_type=\"container\" data-e-type=\"container\" data-settings=\"{&quot;background_background&quot;:&quot;classic&quot;}\">\n\t\t\t\t\t<div class=\"e-con-inner\">\n\t\t\t\t<div class=\"elementor-element elementor-element-3435938 elementor-align-center elementor-widget elementor-widget-button\" data-id=\"3435938\" data-element_type=\"widget\" data-e-type=\"widget\" data-widget_type=\"button.default\">\n\t\t\t\t\t\t\t\t\t\t<a class=\"elementor-button elementor-button-link elementor-size-sm\" href=\"https:\/\/www.eisstrahler.at\/index.php\/galerie-eisstrahler\/\">\n\t\t\t\t\t\t<span class=\"elementor-button-content-wrapper\">\n\t\t\t\t\t\t\t\t\t<span class=\"elementor-button-text\">Galerie Eisstrahler<\/span>\n\t\t\t\t\t<\/span>\n\t\t\t\t\t<\/a>\n\t\t\t\t\t\t\t\t<\/div>\n\t\t\t\t\t<\/div>\n\t\t\t\t<\/div>\n\t\t<div class=\"elementor-element elementor-element-d3de2dd e-flex e-con-boxed e-con e-parent\" data-id=\"d3de2dd\" data-element_type=\"container\" data-e-type=\"container\" data-settings=\"{&quot;background_background&quot;:&quot;classic&quot;}\">\n\t\t\t\t\t<div class=\"e-con-inner\">\n\t\t\t\t<div class=\"elementor-element elementor-element-9d17c2b elementor-widget elementor-widget-text-editor\" data-id=\"9d17c2b\" data-element_type=\"widget\" data-e-type=\"widget\" data-widget_type=\"text-editor.default\">\n\t\t\t\t\t\t\t\t\t<h4 style=\"text-align: center;\"><strong>Sauberkeit ohne Kompromisse \u2013 Sicher f\u00fcr Material und Umwelt.<\/strong><\/h4><p>Das Trockeneisstrahlen ist eines der modernsten und schonendsten Verfahren der Oberfl\u00e4chentechnik.<\/p><p>Das Besondere: Im Gegensatz zu herk\u00f6mmlichen Methoden reinigen wir hier komplett ohne Wasser, ohne Chemie und ohne Strahlgutr\u00fcckst\u00e4nde.<\/p><p><strong>Was ist Trockeneisstrahlen eigentlich?<\/strong><br \/>Beim Trockeneisstrahlen verwenden wir kleine Pellets aus festem Kohlendioxid (CO2), die eine Temperatur von -78,5 \u00b0C haben. Diese Pellets werden mit hoher Geschwindigkeit (Druckluft) auf die verschmutzte Oberfl\u00e4che geschossen.<\/p><p><strong>Wie funktioniert es?<\/strong> <strong>(Der 3-fach Effekt)<\/strong><br \/>Der Reinigungserfolg basiert auf einem physikalischen Zusammenspiel von drei Faktoren:<\/p><ol><li>Der K\u00e4lteschock (Thermischer Effekt): Durch die extreme K\u00e4lte der Pellets wird die Schmutzschicht (Fett, \u00d6l, Unterbodenschutz, Ru\u00df) schlagartig spr\u00f6de und bekommt Risse.<\/li><li>Die kinetische Energie (Mechanischer Effekt): Die nachfolgenden Pellets treffen auf die versp\u00f6dete Schicht und l\u00f6sen sie mechanisch ab.<\/li><li>Die Sublimation (Spreng-Effekt): Dies ist der wichtigste Punkt: Beim Aufprall gehen die Pellets sofort vom festen in den gasf\u00f6rmigen Zustand \u00fcber. Dabei vergr\u00f6\u00dfert CO2 sein Volumen um das 700-fache. Dieser harmlose &#8222;Mini-Explosions-Effekt&#8220; hebt den Schmutz sanft, aber gr\u00fcndlich von der Oberfl\u00e4che ab.<\/li><\/ol><p>Das Ergebnis: Der Schmutz f\u00e4llt einfach zu Boden \u2013 das Reinigungsmittel (das Eis) l\u00f6st sich buchst\u00e4blich in Luft auf.<\/p><p><strong>Warum Trockeneis? Ihre Vorteile auf einen Blick:<\/strong><\/p><ul><li>Keine Feuchtigkeit: Da Trockeneis sofort gasf\u00f6rmig wird, bleibt alles trocken. Ideal f\u00fcr Motoren, Elektrik und Schaltschr\u00e4nke.<\/li><li>Nicht abrasiv: Die Oberfl\u00e4che (Lack, Kunststoff, Aluminium, Gummi) wird nicht besch\u00e4digt. Wir entfernen nur den Schmutz, nicht das Material!<\/li><li>Umweltfreundlich: Keine Chemie, keine giftigen D\u00e4mpfe und kein Abwasser.<\/li><li>Keine Entsorgungskosten: Es bleibt kein Strahlgut (wie Sand oder Glas) zur\u00fcck, das m\u00fchsam entsorgt werden muss. Nur der gel\u00f6ste Schmutz bleibt \u00fcbrig.<\/li><li>\u00a0<\/li><\/ul><p><b>Wir kommen zu Ihnen:<\/b><\/p><p>Wir sind mobil und kommen zu Ihnen um unn\u00f6tigen Aufwand zu vermeiden. Die zu reinigenden Objekte k\u00f6nnen an ihrem urspr\u00fcnglichen Platz verweilen, und werden dort gereinigt.<\/p><p>Um die Abl\u00e4ufe am besten koordinieren zu k\u00f6nnen, ersuchen wir Sie uns im Vorfeld zu <span style=\"color: #00aeff;\"><a style=\"color: #00aeff;\" href=\"mailto:office@eisstrahler.at\"><strong>kontaktieren<\/strong><\/a><\/span>.<\/p><p><strong>Einsatzgebiete: Wo Trockeneis gl\u00e4nzt<\/strong><\/p><ul><li>KFZ &amp; Oldtimer: Motorraumreinigung, Entfernung von Wachs und Bitumen, Innenraum-Aufbereitung.<\/li><li>Industrie: Reinigung von Produktionsanlagen und Formen w\u00e4hrend des laufenden Betriebs.<\/li><li>Brandsanierung: Effektive Entfernung von Ru\u00df und Geruch ohne Wassersch\u00e4den.<\/li><li>Denkmalschutz: Schonende Reinigung von historischen Oberfl\u00e4chen.<\/li><li>\u00a0<\/li><\/ul><p><strong>\u201eWann Trockeneis \u2013 und wann Laser?\u201c<\/strong><\/p><p>Trockeneisstrahlen ist der ungeschlagene Champion, wenn es darum geht, organische Verschmutzungen wie Fette, \u00d6le, Harze oder Unterbodenschutz gro\u00dffl\u00e4chig und r\u00fcckstandslos zu entfernen.<br \/>Wenn es jedoch um die porentiefe Entrostung von Metallen oder das Entlacken hochempfindlicher Bauteile geht, st\u00f6\u00dft Trockeneis an seine physikalischen Grenzen. Hier \u00fcbernehmen wir mit unserer <strong>Lasertechnologie<\/strong>. F\u00fcr chirurgische Pr\u00e4zision bei der Korrosionsentfernung besuchen Sie unser Spezialportal: <strong><span style=\"color: #00aeff;\">McLaser.at<\/span><\/strong><\/p>\t\t\t\t\t\t\t\t<\/div>\n\t\t\t\t\t<\/div>\n\t\t\t\t<\/div>\n\t\t<div class=\"elementor-element elementor-element-e548b8f e-flex e-con-boxed e-con e-parent\" data-id=\"e548b8f\" data-element_type=\"container\" data-e-type=\"container\" data-settings=\"{&quot;background_background&quot;:&quot;classic&quot;}\">\n\t\t\t\t\t<div class=\"e-con-inner\">\n\t\t\t\t\t<\/div>\n\t\t\t\t<\/div>\n\t\t\t\t<\/div>\n\t\t","protected":false},"excerpt":{"rendered":"<p>Die r\u00fcckstandslose Revolution der Reinigung Galerie Eisstrahler Sauberkeit ohne Kompromisse \u2013 Sicher f\u00fcr Material und Umwelt. Das Trockeneisstrahlen ist eines der modernsten und schonendsten Verfahren der Oberfl\u00e4chentechnik. Das Besondere: Im Gegensatz zu herk\u00f6mmlichen Methoden reinigen wir hier komplett ohne Wasser, ohne Chemie und ohne Strahlgutr\u00fcckst\u00e4nde. Was ist Trockeneisstrahlen eigentlich?Beim Trockeneisstrahlen verwenden wir kleine Pellets aus [&hellip;]<\/p>\n","protected":false},"author":1,"featured_media":0,"parent":0,"menu_order":0,"comment_status":"closed","ping_status":"closed","template":"elementor_header_footer","meta":{"footnotes":""},"class_list":["post-34","page","type-page","status-publish","hentry"],"_links":{"self":[{"href":"https:\/\/www.eisstrahler.at\/index.php\/wp-json\/wp\/v2\/pages\/34","targetHints":{"allow":["GET"]}}],"collection":[{"href":"https:\/\/www.eisstrahler.at\/index.php\/wp-json\/wp\/v2\/pages"}],"about":[{"href":"https:\/\/www.eisstrahler.at\/index.php\/wp-json\/wp\/v2\/types\/page"}],"author":[{"embeddable":true,"href":"https:\/\/www.eisstrahler.at\/index.php\/wp-json\/wp\/v2\/users\/1"}],"replies":[{"embeddable":true,"href":"https:\/\/www.eisstrahler.at\/index.php\/wp-json\/wp\/v2\/comments?post=34"}],"version-history":[{"count":1,"href":"https:\/\/www.eisstrahler.at\/index.php\/wp-json\/wp\/v2\/pages\/34\/revisions"}],"predecessor-version":[{"id":2039,"href":"https:\/\/www.eisstrahler.at\/index.php\/wp-json\/wp\/v2\/pages\/34\/revisions\/2039"}],"wp:attachment":[{"href":"https:\/\/www.eisstrahler.at\/index.php\/wp-json\/wp\/v2\/media?parent=34"}],"curies":[{"name":"wp","href":"https:\/\/api.w.org\/{rel}","templated":true}]}}