{"id":13,"date":"2026-02-08T16:32:03","date_gmt":"2026-02-08T15:32:03","guid":{"rendered":"http:\/\/localhost\/wordpress\/?page_id=13"},"modified":"2026-03-15T19:15:20","modified_gmt":"2026-03-15T18:15:20","slug":"startseite","status":"publish","type":"page","link":"https:\/\/www.eisstrahler.at\/","title":{"rendered":"Startseite"},"content":{"rendered":"\t\t<div data-elementor-type=\"wp-page\" data-elementor-id=\"13\" class=\"elementor elementor-13\">\n\t\t\t\t<div class=\"elementor-element elementor-element-852f5ef e-no-lazyload e-con-full e-flex e-con e-parent\" data-id=\"852f5ef\" data-element_type=\"container\" data-e-type=\"container\" data-settings=\"{&quot;background_background&quot;:&quot;video&quot;,&quot;background_video_link&quot;:&quot;https:\\\/\\\/youtu.be\\\/tKcukn1sa6M&quot;}\">\n\t\t<div class=\"elementor-background-video-container elementor-hidden-mobile\">\n\t\t\t\t\t\t\t<div class=\"elementor-background-video-embed\" role=\"presentation\"><\/div>\n\t\t\t\t\t\t<\/div>\t\t<div class=\"elementor-element elementor-element-e12121f elementor-widget__width-initial elementor-absolute invisible-lcp elementor-hidden-desktop elementor-hidden-tablet elementor-widget elementor-widget-image\" data-id=\"e12121f\" data-element_type=\"widget\" data-e-type=\"widget\" data-settings=\"{&quot;_position&quot;:&quot;absolute&quot;}\" data-widget_type=\"image.default\">\n\t\t\t\t\t\t\t\t\t\t\t\t\t\t\t<img decoding=\"async\" width=\"150\" height=\"150\" src=\"https:\/\/www.eisstrahler.at\/wp-content\/uploads\/2026\/03\/Porsch_1-150x150.webp\" class=\"attachment-thumbnail size-thumbnail wp-image-2053\" alt=\"Trockeneisstrahlen\" \/>\t\t\t\t\t\t\t\t\t\t\t\t\t\t\t<\/div>\n\t\t\t\t<div class=\"elementor-element elementor-element-6be1125 elementor-widget elementor-widget-heading\" data-id=\"6be1125\" data-element_type=\"widget\" data-e-type=\"widget\" data-widget_type=\"heading.default\">\n\t\t\t\t\t<h1 class=\"elementor-heading-title elementor-size-default\">Trockeneisstrahlen, Sandstrahlen &amp; Nassstrahlen | \u00d6sterreich<\/h1>\t\t\t\t<\/div>\n\t\t\t\t<div class=\"elementor-element elementor-element-10e4771 elementor-widget__width-initial elementor-widget elementor-widget-text-editor\" data-id=\"10e4771\" data-element_type=\"widget\" data-e-type=\"widget\" data-widget_type=\"text-editor.default\">\n\t\t\t\t\t\t\t\t\t<h2><span class=\"ng-star-inserted\">Feingef\u00fchl gefragt? Starten Sie hier den Quick-Check f\u00fcr <\/span><strong><span class=\"ng-star-inserted\">Trockeneisstrahlen<\/span><\/strong><\/h2>\t\t\t\t\t\t\t\t<\/div>\n\t\t\t\t<div class=\"elementor-element elementor-element-f8c7108 elementor-align-center elementor-widget__width-auto elementor-widget elementor-widget-button\" data-id=\"f8c7108\" data-element_type=\"widget\" data-e-type=\"widget\" data-widget_type=\"button.default\">\n\t\t\t\t\t\t\t\t\t\t<a class=\"elementor-button elementor-button-link elementor-size-sm\" href=\"https:\/\/www.eisstrahler.at\/index.php\/kontaktformular\/\">\n\t\t\t\t\t\t<span class=\"elementor-button-content-wrapper\">\n\t\t\t\t\t\t\t\t\t<span class=\"elementor-button-text\">QUICK CHECK <\/span>\n\t\t\t\t\t<\/span>\n\t\t\t\t\t<\/a>\n\t\t\t\t\t\t\t\t<\/div>\n\t\t\t\t<\/div>\n\t\t<div class=\"elementor-element elementor-element-7f88ce6 e-flex e-con-boxed e-con e-parent\" data-id=\"7f88ce6\" data-element_type=\"container\" data-e-type=\"container\" data-settings=\"{&quot;background_background&quot;:&quot;classic&quot;}\">\n\t\t\t\t\t<div class=\"e-con-inner\">\n\t\t\t\t<div class=\"elementor-element elementor-element-8b40885 elementor-widget elementor-widget-heading\" data-id=\"8b40885\" data-element_type=\"widget\" data-e-type=\"widget\" data-widget_type=\"heading.default\">\n\t\t\t\t\t<h2 class=\"elementor-heading-title elementor-size-default\">Von der groben Sanierung bis zur High-Tech-Pr\u00e4zision<\/h2>\t\t\t\t<\/div>\n\t\t\t\t<div class=\"elementor-element elementor-element-7693533 elementor-widget elementor-widget-text-editor\" data-id=\"7693533\" data-element_type=\"widget\" data-e-type=\"widget\" data-widget_type=\"text-editor.default\">\n\t\t\t\t\t\t\t\t\t<p class=\"ng-star-inserted\"><span class=\"ng-star-inserted\">&#8222;Die Wahl des passenden Reinigungsverfahrens entscheidet \u00fcber das Ergebnis und den Werterhalt Ihrer Bauteile. Als Spezialist f\u00fcr Oberfl\u00e4chentechnik in Ober\u00f6sterreich und Umgebung setzen wir auf ein ganzheitliches Konzept, um f\u00fcr jede Anforderung die effizienteste L\u00f6sung zu bieten.<\/span><\/p><p class=\"ng-star-inserted\"><span class=\"ng-star-inserted\">W\u00e4hrend das\u00a0<\/span><strong class=\"ng-star-inserted\"><span class=\"ng-star-inserted\">Trockeneisstrahlen<\/span><\/strong><span class=\"ng-star-inserted\"> als K\u00f6nigsweg f\u00fcr sensible Bereiche wie Motoren und Elektronik gilt, bietet <\/span><strong class=\"ng-star-inserted\"><span class=\"ng-star-inserted\">Liquid Blast (Nassstrahlen) <\/span><\/strong><span class=\"ng-star-inserted\">entscheidende Vorteile bei der staubarmen Sanierung. F\u00fcr hartn\u00e4ckige Korrosion und Untergrundvorbereitung bleibt das\u00a0<\/span><strong class=\"ng-star-inserted\"><span class=\"ng-star-inserted\">Sandstrahlen<\/span><\/strong><span class=\"ng-star-inserted\">\u00a0unverzichtbar.<\/span><\/p><p class=\"ng-star-inserted\"><span class=\"ng-star-inserted\">F\u00fcr Anwendungen, die h\u00f6chste Pr\u00e4zision v\u00f6llig ohne Strahlmittel erfordern \u2013 wie das ber\u00fchrungslose Entrosten oder Entlacken empfindlichster Metallteile \u2013 verweisen wir stolz auf unser Partnerprojekt\u00a0<\/span><span style=\"text-decoration: underline; color: #33cccc;\"><strong><a class=\"ng-star-inserted\" style=\"color: #33cccc; text-decoration: underline;\" href=\"https:\/\/www.mclaser.at\" target=\"_blank\" rel=\"noopener\"><span class=\"ng-star-inserted\">McLaser.at<\/span><\/a><\/strong><\/span><span class=\"ng-star-inserted\"><span style=\"text-decoration: underline; color: #33cccc;\"><strong>.<\/strong><\/span> Durch die Kombination von klassischer Strahltechnik und modernster Laser-Technologie bieten wir f\u00fcr jedes Problem die technologisch beste L\u00f6sung.<\/span><\/p><p class=\"ng-star-inserted\"><span class=\"ng-star-inserted\">Unser Anspruch bei <strong>Firma <\/strong><\/span><strong class=\"ng-star-inserted\"><span class=\"ng-star-inserted\">EisStrahler &#8211; Christian Moser<\/span><\/strong><span class=\"ng-star-inserted\"> &#8211; ist Sauberkeit ohne Kompromisse \u2013 mobil, \u00f6kologisch und pr\u00e4zise.&#8220;<\/span><\/p>\t\t\t\t\t\t\t\t<\/div>\n\t\t\t\t\t<\/div>\n\t\t\t\t<\/div>\n\t\t\t\t<\/div>\n\t\t","protected":false},"excerpt":{"rendered":"<p>Trockeneisstrahlen, Sandstrahlen &amp; Nassstrahlen | \u00d6sterreich Feingef\u00fchl gefragt? Starten Sie hier den Quick-Check f\u00fcr Trockeneisstrahlen QUICK CHECK Von der groben Sanierung bis zur High-Tech-Pr\u00e4zision &#8222;Die Wahl des passenden Reinigungsverfahrens entscheidet \u00fcber das Ergebnis und den Werterhalt Ihrer Bauteile. Als Spezialist f\u00fcr Oberfl\u00e4chentechnik in Ober\u00f6sterreich und Umgebung setzen wir auf ein ganzheitliches Konzept, um f\u00fcr jede [&hellip;]<\/p>\n","protected":false},"author":1,"featured_media":0,"parent":0,"menu_order":0,"comment_status":"closed","ping_status":"closed","template":"elementor_header_footer","meta":{"footnotes":""},"class_list":["post-13","page","type-page","status-publish","hentry"],"_links":{"self":[{"href":"https:\/\/www.eisstrahler.at\/index.php\/wp-json\/wp\/v2\/pages\/13","targetHints":{"allow":["GET"]}}],"collection":[{"href":"https:\/\/www.eisstrahler.at\/index.php\/wp-json\/wp\/v2\/pages"}],"about":[{"href":"https:\/\/www.eisstrahler.at\/index.php\/wp-json\/wp\/v2\/types\/page"}],"author":[{"embeddable":true,"href":"https:\/\/www.eisstrahler.at\/index.php\/wp-json\/wp\/v2\/users\/1"}],"replies":[{"embeddable":true,"href":"https:\/\/www.eisstrahler.at\/index.php\/wp-json\/wp\/v2\/comments?post=13"}],"version-history":[{"count":75,"href":"https:\/\/www.eisstrahler.at\/index.php\/wp-json\/wp\/v2\/pages\/13\/revisions"}],"predecessor-version":[{"id":2076,"href":"https:\/\/www.eisstrahler.at\/index.php\/wp-json\/wp\/v2\/pages\/13\/revisions\/2076"}],"wp:attachment":[{"href":"https:\/\/www.eisstrahler.at\/index.php\/wp-json\/wp\/v2\/media?parent=13"}],"curies":[{"name":"wp","href":"https:\/\/api.w.org\/{rel}","templated":true}]}}