{"id":1206,"date":"2026-02-21T15:15:51","date_gmt":"2026-02-21T14:15:51","guid":{"rendered":"http:\/\/localhost\/wordpress\/?page_id=1206"},"modified":"2026-02-22T17:53:54","modified_gmt":"2026-02-22T16:53:54","slug":"kontaktformular","status":"publish","type":"page","link":"https:\/\/www.eisstrahler.at\/index.php\/kontaktformular\/","title":{"rendered":"Kontaktformular"},"content":{"rendered":"\t\t<div data-elementor-type=\"wp-page\" data-elementor-id=\"1206\" class=\"elementor elementor-1206\">\n\t\t\t\t<div class=\"elementor-element elementor-element-e2f46cf e-flex e-con-boxed e-con e-parent\" data-id=\"e2f46cf\" data-element_type=\"container\" data-e-type=\"container\" data-settings=\"{&quot;background_background&quot;:&quot;classic&quot;}\">\n\t\t\t\t\t<div class=\"e-con-inner\">\n\t\t\t\t<div class=\"elementor-element elementor-element-be969ac elementor-widget elementor-widget-text-editor\" data-id=\"be969ac\" data-element_type=\"widget\" data-e-type=\"widget\" data-widget_type=\"text-editor.default\">\n\t\t\t\t\t\t\t\t\t<h3><strong>Ist ihr Teil noch zu retten ?<\/strong><\/h3><h5>Senden sie uns ein Bild von ihrem Objekt<\/h5><h4><strong> machen sie den\u00a0<\/strong><\/h4>\t\t\t\t\t\t\t\t<\/div>\n\t\t\t\t<div class=\"elementor-element elementor-element-e7c408e elementor-widget elementor-widget-heading\" data-id=\"e7c408e\" data-element_type=\"widget\" data-e-type=\"widget\" data-widget_type=\"heading.default\">\n\t\t\t\t\t<h2 class=\"elementor-heading-title elementor-size-default\">QUICK - CHECK\n\n<\/h2>\t\t\t\t<\/div>\n\t\t\t\t\t<\/div>\n\t\t\t\t<\/div>\n\t\t<div class=\"elementor-element elementor-element-02d257e e-flex e-con-boxed e-con e-parent\" data-id=\"02d257e\" data-element_type=\"container\" data-e-type=\"container\" data-settings=\"{&quot;background_background&quot;:&quot;classic&quot;}\">\n\t\t\t\t\t<div class=\"e-con-inner\">\n\t\t\t\t<div class=\"elementor-element elementor-element-6c074f7 elementor-widget elementor-widget-text-editor\" data-id=\"6c074f7\" data-element_type=\"widget\" data-e-type=\"widget\" data-widget_type=\"text-editor.default\">\n\t\t\t\t\t\t\t\t\t<h5>alles andere erledigen wir f\u00fcr sie<\/h5>\t\t\t\t\t\t\t\t<\/div>\n\t\t\t\t\t<\/div>\n\t\t\t\t<\/div>\n\t\t<div class=\"elementor-element elementor-element-20baaa6 e-flex e-con-boxed e-con e-parent\" data-id=\"20baaa6\" data-element_type=\"container\" data-e-type=\"container\" data-settings=\"{&quot;background_background&quot;:&quot;classic&quot;}\">\n\t\t\t\t\t<div class=\"e-con-inner\">\n\t\t\t\t<div class=\"elementor-element elementor-element-81c5613 elementor-widget elementor-widget-text-editor\" data-id=\"81c5613\" data-element_type=\"widget\" data-e-type=\"widget\" data-widget_type=\"text-editor.default\">\n\t\t\t\t\t\t\t\t\t<p>Bitte f\u00fcllen sie das Formular aus und dr\u00fccken sie den &#8222;Quick-Check&#8220; Button.<\/p><p>Wir werden uns umgehend pers\u00f6nlich bei ihnen melden.<\/p>\t\t\t\t\t\t\t\t<\/div>\n\t\t\t\t<div class=\"elementor-element elementor-element-492e6a2 elementor-widget elementor-widget-shortcode\" data-id=\"492e6a2\" data-element_type=\"widget\" data-e-type=\"widget\" data-widget_type=\"shortcode.default\">\n\t\t\t\t\t\t\t<div class=\"elementor-shortcode\"><form id=\"forminator-module-1333\" class=\"forminator-custom-form forminator-custom-form-1333\" method=\"post\" data-forminator-render=\"0\" data-uid=\"69e1f52b723e7\"><div role=\"alert\" aria-live=\"polite\" class=\"forminator-response-message forminator-error\" aria-hidden=\"true\"><\/div><\/form>\n\n\n<\/div>\n\t\t\t\t\t\t<\/div>\n\t\t\t\t\t<\/div>\n\t\t\t\t<\/div>\n\t\t\t\t<\/div>\n\t\t","protected":false},"excerpt":{"rendered":"<p>Ist ihr Teil noch zu retten ? Senden sie uns ein Bild von ihrem Objekt machen sie den\u00a0 QUICK &#8211; CHECK alles andere erledigen wir f\u00fcr sie Bitte f\u00fcllen sie das Formular aus und dr\u00fccken sie den &#8222;Quick-Check&#8220; Button. Wir werden uns umgehend pers\u00f6nlich bei ihnen melden.<\/p>\n","protected":false},"author":1,"featured_media":0,"parent":0,"menu_order":0,"comment_status":"closed","ping_status":"closed","template":"elementor_header_footer","meta":{"footnotes":""},"class_list":["post-1206","page","type-page","status-publish","hentry"],"_links":{"self":[{"href":"https:\/\/www.eisstrahler.at\/index.php\/wp-json\/wp\/v2\/pages\/1206","targetHints":{"allow":["GET"]}}],"collection":[{"href":"https:\/\/www.eisstrahler.at\/index.php\/wp-json\/wp\/v2\/pages"}],"about":[{"href":"https:\/\/www.eisstrahler.at\/index.php\/wp-json\/wp\/v2\/types\/page"}],"author":[{"embeddable":true,"href":"https:\/\/www.eisstrahler.at\/index.php\/wp-json\/wp\/v2\/users\/1"}],"replies":[{"embeddable":true,"href":"https:\/\/www.eisstrahler.at\/index.php\/wp-json\/wp\/v2\/comments?post=1206"}],"version-history":[{"count":0,"href":"https:\/\/www.eisstrahler.at\/index.php\/wp-json\/wp\/v2\/pages\/1206\/revisions"}],"wp:attachment":[{"href":"https:\/\/www.eisstrahler.at\/index.php\/wp-json\/wp\/v2\/media?parent=1206"}],"curies":[{"name":"wp","href":"https:\/\/api.w.org\/{rel}","templated":true}]}}