{"id":1202,"date":"2026-02-21T15:14:35","date_gmt":"2026-02-21T14:14:35","guid":{"rendered":"http:\/\/localhost\/wordpress\/?page_id=1202"},"modified":"2026-02-22T19:02:33","modified_gmt":"2026-02-22T18:02:33","slug":"impressum","status":"publish","type":"page","link":"https:\/\/www.eisstrahler.at\/index.php\/impressum\/","title":{"rendered":"Impressum"},"content":{"rendered":"\t\t<div data-elementor-type=\"wp-page\" data-elementor-id=\"1202\" class=\"elementor elementor-1202\">\n\t\t\t\t<div class=\"elementor-element elementor-element-3cbc291 e-flex e-con-boxed e-con e-parent\" data-id=\"3cbc291\" data-element_type=\"container\" data-e-type=\"container\" data-settings=\"{&quot;background_background&quot;:&quot;classic&quot;}\">\n\t\t\t\t\t<div class=\"e-con-inner\">\n\t\t\t\t<div class=\"elementor-element elementor-element-129153c elementor-widget elementor-widget-text-editor\" data-id=\"129153c\" data-element_type=\"widget\" data-e-type=\"widget\" data-widget_type=\"text-editor.default\">\n\t\t\t\t\t\t\t\t\t<p><strong>Impressum: <\/strong>Informationen \u00fcber den Diensteanbieter.<\/p><p><strong>Fa. EisStrahler<\/strong><\/p><p>Inh. Christian Moser<\/p><p>Brandenbergweg 11, <br \/>4820 Bad Ischl, <br \/>\u00d6sterreich<\/p><p><strong>Tel.:<\/strong> +43 660 234 99 04<br \/><strong>E-Mail:<\/strong> <a href=\"mailto:office@mclaser.at\">office@eisstrahler.at<\/a><\/p><p><strong>Unternehmensgegenstand:<\/strong> technische Oberfl\u00e4chenreinigung abrasiv und nicht abrasiv von verschiedensten Materialien<br \/><strong>UID-Nummer:<\/strong> ATU40044206<br \/><strong>GISA (Gewerbeinformationssystem Austria):<\/strong> 28805571<br \/><strong>Mitglied bei:<\/strong> WKO<br \/><strong>Berufsrecht:<\/strong> Fachgruppe der gewerblichen Dienstleister Ober\u00f6sterreichs<br \/>9900-alle sonstigen Gewerbe und Handwerksunternehmungen<\/p><p><strong>Aufsichtsbeh\u00f6rde:<\/strong> <br \/>Bezirkshauptmannschaft Gmunden<br \/>Esplanade 10<br \/>4810 Gmunden<br \/><strong>Webseite:<\/strong> <a href=\"https:\/\/www.land-oberoesterreich.gv.at\/bh_gmunden.htm\" target=\"_blank\" rel=\"noopener\">https:\/\/www.land-oberoesterreich.gv.at\/bh_gmunden.htm<\/a><\/p><p><strong>Berufsbezeichnung:<\/strong> Technische Oberfl\u00e4chenreinigung abrasiv und nicht abrasiv von verschiedensten Materialien<br \/><strong>Verleihungsstaat:<\/strong> \u00d6sterreich<\/p><p><strong>Datenschutz Verantwortlicher<\/strong> <br \/>Christian Moser<br \/>Brandenbergweg 11<br \/>4820 Bad Ischl<br \/><strong>E-Mail:<\/strong> <a href=\"mailto:office@mclaser.at\">office@mclaser.at<\/a> <br \/><strong>Tel.:<\/strong> 0660 234 99 04<br \/><strong>Impressum:<\/strong> <a href=\"https:\/\/www.mclaser\/impressum\/\" target=\"_blank\" rel=\"noopener\">https:\/\/www.mclaser\/impressum\/<\/a><\/p><p><strong>Bildernachweis<\/strong><\/p><p>Die Bilder, Fotos und Grafiken auf dieser Webseite sind urheberrechtlich gesch\u00fctzt.<\/p><p><strong>Die Bilderrechte liegen bei:<\/strong> <br \/>Christian Moser<\/p><p><strong>Vertragsklauseln und Gerichtsstand<\/strong> <br \/>Vertr\u00e4ge mit uns unterliegen dem Recht der Republik \u00d6sterreich unter Ausschluss des UN-Kaufrechts. Gerichtsstand f\u00fcr alle Streitigkeiten aus solchen Vertr\u00e4gen ist Bad Ischl.<\/p><p>Alle Texte sind urheberrechtlich gesch\u00fctzt.<\/p><p>Quelle: Erstellt mit dem <a href=\"https:\/\/www.adsimple.at\/impressum-generator\/\" target=\"_blank\" rel=\"noopener\">Impressum Generator<\/a> von AdSimple<\/p>\t\t\t\t\t\t\t\t<\/div>\n\t\t\t\t<div class=\"elementor-element elementor-element-8e98c07 elementor-align-right elementor-widget elementor-widget-button\" data-id=\"8e98c07\" data-element_type=\"widget\" data-e-type=\"widget\" data-widget_type=\"button.default\">\n\t\t\t\t\t\t\t\t\t\t<a class=\"elementor-button elementor-button-link elementor-size-sm\" href=\"https:\/\/www.eisstrahler.at\/\">\n\t\t\t\t\t\t<span class=\"elementor-button-content-wrapper\">\n\t\t\t\t\t\t\t\t\t<span class=\"elementor-button-text\">back<\/span>\n\t\t\t\t\t<\/span>\n\t\t\t\t\t<\/a>\n\t\t\t\t\t\t\t\t<\/div>\n\t\t\t\t\t<\/div>\n\t\t\t\t<\/div>\n\t\t\t\t<\/div>\n\t\t","protected":false},"excerpt":{"rendered":"<p>Impressum: Informationen \u00fcber den Diensteanbieter. Fa. EisStrahler Inh. Christian Moser Brandenbergweg 11, 4820 Bad Ischl, \u00d6sterreich Tel.: +43 660 234 99 04E-Mail: office@eisstrahler.at Unternehmensgegenstand: technische Oberfl\u00e4chenreinigung abrasiv und nicht abrasiv von verschiedensten MaterialienUID-Nummer: ATU40044206GISA (Gewerbeinformationssystem Austria): 28805571Mitglied bei: WKOBerufsrecht: Fachgruppe der gewerblichen Dienstleister Ober\u00f6sterreichs9900-alle sonstigen Gewerbe und Handwerksunternehmungen Aufsichtsbeh\u00f6rde: Bezirkshauptmannschaft GmundenEsplanade 104810 GmundenWebseite: https:\/\/www.land-oberoesterreich.gv.at\/bh_gmunden.htm Berufsbezeichnung: [&hellip;]<\/p>\n","protected":false},"author":1,"featured_media":0,"parent":0,"menu_order":0,"comment_status":"closed","ping_status":"closed","template":"elementor_header_footer","meta":{"footnotes":""},"class_list":["post-1202","page","type-page","status-publish","hentry"],"_links":{"self":[{"href":"https:\/\/www.eisstrahler.at\/index.php\/wp-json\/wp\/v2\/pages\/1202","targetHints":{"allow":["GET"]}}],"collection":[{"href":"https:\/\/www.eisstrahler.at\/index.php\/wp-json\/wp\/v2\/pages"}],"about":[{"href":"https:\/\/www.eisstrahler.at\/index.php\/wp-json\/wp\/v2\/types\/page"}],"author":[{"embeddable":true,"href":"https:\/\/www.eisstrahler.at\/index.php\/wp-json\/wp\/v2\/users\/1"}],"replies":[{"embeddable":true,"href":"https:\/\/www.eisstrahler.at\/index.php\/wp-json\/wp\/v2\/comments?post=1202"}],"version-history":[{"count":0,"href":"https:\/\/www.eisstrahler.at\/index.php\/wp-json\/wp\/v2\/pages\/1202\/revisions"}],"wp:attachment":[{"href":"https:\/\/www.eisstrahler.at\/index.php\/wp-json\/wp\/v2\/media?parent=1202"}],"curies":[{"name":"wp","href":"https:\/\/api.w.org\/{rel}","templated":true}]}}